{"id":1028,"date":"2026-02-18T10:01:19","date_gmt":"2026-02-18T09:01:19","guid":{"rendered":"https:\/\/lovicsl.ddns.net\/nova_lovic\/?page_id=1028"},"modified":"2026-02-23T10:41:47","modified_gmt":"2026-02-23T09:41:47","slug":"ajuntament-de-cunit","status":"publish","type":"page","link":"https:\/\/lovic.cat\/index.php\/ajuntament-de-cunit\/","title":{"rendered":"Ajuntament de Cunit"},"content":{"rendered":"\t\t<div data-elementor-type=\"wp-page\" data-elementor-id=\"1028\" class=\"elementor elementor-1028\">\n\t\t\t\t<div class=\"elementor-element elementor-element-5b7213c e-flex e-con-boxed e-con e-parent\" data-id=\"5b7213c\" data-element_type=\"container\" data-e-type=\"container\">\n\t\t\t\t\t<div class=\"e-con-inner\">\n\t\t\t\t<div class=\"elementor-element elementor-element-2663c1a elementor-widget elementor-widget-heading\" data-id=\"2663c1a\" data-element_type=\"widget\" data-e-type=\"widget\" data-widget_type=\"heading.default\">\n\t\t\t\t\t<h2 class=\"elementor-heading-title elementor-size-default\">Ajuntament de Cunit<\/h2>\t\t\t\t<\/div>\n\t\t<div class=\"elementor-element elementor-element-4306180 e-grid e-con-full e-con e-child\" data-id=\"4306180\" data-element_type=\"container\" data-e-type=\"container\">\n\t\t<div class=\"elementor-element elementor-element-999abe5 e-grid e-con-full e-con e-child\" data-id=\"999abe5\" data-element_type=\"container\" data-e-type=\"container\">\n\t\t\t\t<div class=\"elementor-element elementor-element-59c11fa elementor-invisible elementor-widget elementor-widget-image\" data-id=\"59c11fa\" data-element_type=\"widget\" data-e-type=\"widget\" data-settings=\"{&quot;_animation&quot;:&quot;fadeInDown&quot;}\" data-widget_type=\"image.default\">\n\t\t\t\t\t\t\t\t\t\t\t\t\t\t\t<img fetchpriority=\"high\" decoding=\"async\" width=\"1024\" height=\"722\" src=\"https:\/\/lovic.cat\/wp-content\/uploads\/2026\/02\/cunit_logo_sostenible-1024x722.png\" class=\"elementor-animation-grow attachment-large size-large wp-image-1291\" alt=\"\" srcset=\"https:\/\/lovic.cat\/wp-content\/uploads\/2026\/02\/cunit_logo_sostenible-1024x722.png 1024w, https:\/\/lovic.cat\/wp-content\/uploads\/2026\/02\/cunit_logo_sostenible-300x211.png 300w, https:\/\/lovic.cat\/wp-content\/uploads\/2026\/02\/cunit_logo_sostenible-768x541.png 768w, https:\/\/lovic.cat\/wp-content\/uploads\/2026\/02\/cunit_logo_sostenible.png 1240w\" sizes=\"(max-width: 1024px) 100vw, 1024px\" \/>\t\t\t\t\t\t\t\t\t\t\t\t\t\t\t<\/div>\n\t\t\t\t<div class=\"elementor-element elementor-element-d1056a1 elementor-invisible elementor-widget elementor-widget-image\" data-id=\"d1056a1\" data-element_type=\"widget\" data-e-type=\"widget\" data-settings=\"{&quot;_animation&quot;:&quot;fadeInLeft&quot;}\" data-widget_type=\"image.default\">\n\t\t\t\t\t\t\t\t\t\t\t\t\t\t\t<img decoding=\"async\" width=\"800\" height=\"593\" src=\"https:\/\/lovic.cat\/wp-content\/uploads\/2026\/02\/IMAGEN_CUNIT.webp\" class=\"elementor-animation-grow attachment-large size-large wp-image-1393\" alt=\"\" srcset=\"https:\/\/lovic.cat\/wp-content\/uploads\/2026\/02\/IMAGEN_CUNIT.webp 800w, https:\/\/lovic.cat\/wp-content\/uploads\/2026\/02\/IMAGEN_CUNIT-300x222.webp 300w, https:\/\/lovic.cat\/wp-content\/uploads\/2026\/02\/IMAGEN_CUNIT-768x569.webp 768w\" sizes=\"(max-width: 800px) 100vw, 800px\" \/>\t\t\t\t\t\t\t\t\t\t\t\t\t\t\t<\/div>\n\t\t\t\t<\/div>\n\t\t\t\t<div class=\"elementor-element elementor-element-dcf488b elementor-invisible elementor-widget elementor-widget-text-editor\" data-id=\"dcf488b\" data-element_type=\"widget\" data-e-type=\"widget\" data-settings=\"{&quot;_animation&quot;:&quot;fadeInRight&quot;}\" data-widget_type=\"text-editor.default\">\n\t\t\t\t\t\t\t\t\t<div class=\"translate-tooltip-mtz translator-hidden\"><div class=\"translated-text\"><div>\u00a0<\/div><h3 class=\"sentences\"><strong>Destaquem<\/strong><\/h3><\/div><\/div><p>Aquest projecte es va iniciar l&#8217;any\u00a0 2020.<\/p><p>S&#8217;efectua una diagn\u00f2si de la situaci\u00f3 actual dels serveis de neteja i recollida i neteja de les platges, proposant tot un seguit de millores per tal de renovar el contracte i assolir millores ambientals en la gesti\u00f3 dels residus del municipi.<\/p><p>Es planifica un model de recollida d&#8217;alta efici\u00e8ncia en el que es combina la recollida porta a porta i els contenidors intel\u00b7ligents a diverses zones del municipi.<\/p><p>Despr\u00e9s d&#8217;un pla de participaci\u00f3 i comunicaci\u00f3 molt efectiu, el nou servei ha asolit nivells de recollida selectiva elevats amb prop del 78% de recuperaci\u00f3 en pes en el 2025.\u00a0 \u00a0<\/p><p>El municipi ha aconseguit un salt qualitatiu i quantitatiu considerable en la gesti\u00f3 ambiental de la recollida de residus en aquest nou contracte, amb elevada tecnificaci\u00f3 i amb subministrament mixt d&#8217;equipament.\u00a0<\/p><p>Tots els processos de contractaci\u00f3 es van poder tirar endavant sense recursos ni interrupcions, i d&#8217;acord amb la planificaci\u00f3 prevista inicialment per l&#8217;Ajuntament.<\/p>\t\t\t\t\t\t\t\t<\/div>\n\t\t\t\t<\/div>\n\t\t\t\t\t<\/div>\n\t\t\t\t<\/div>\n\t\t<div class=\"elementor-element elementor-element-93c2388 e-flex e-con-boxed e-con e-parent\" data-id=\"93c2388\" data-element_type=\"container\" data-e-type=\"container\">\n\t\t\t\t\t<div class=\"e-con-inner\">\n\t\t<div class=\"elementor-element elementor-element-7f35e5a e-con-full e-flex e-con e-child\" data-id=\"7f35e5a\" data-element_type=\"container\" data-e-type=\"container\">\n\t\t\t\t<div class=\"elementor-element elementor-element-257663f elementor-widget elementor-widget-text-editor\" data-id=\"257663f\" data-element_type=\"widget\" data-e-type=\"widget\" data-widget_type=\"text-editor.default\">\n\t\t\t\t\t\t\t\t\t<h4><strong>Implantaci\u00f3 i proc\u00e9s participatiu<\/strong><\/h4><p>El projecte a de Cunit va incloure un proc\u00e9s participatiu amb la ciutadania i una diagnosi t\u00e8cnica del municipi per definir el nou model de recollida de residus i neteja vi\u00e0ria.<\/p><p>Aquest enfocament va permetre redissenyar i homogene\u00eftzar les \u00e0rees de contenidors, incrementar la dotaci\u00f3 de recollida selectiva i implantar serveis m\u00e9s eficients, flexibles i adaptats a l\u2019\u00fas de l\u2019espai p\u00fablic i a les necessitats reals de cada zona<\/p>\t\t\t\t\t\t\t\t<\/div>\n\t\t\t\t<\/div>\n\t\t<div class=\"elementor-element elementor-element-acdd137 e-con-full e-flex e-con e-child\" data-id=\"acdd137\" data-element_type=\"container\" data-e-type=\"container\">\n\t\t\t\t<div class=\"elementor-element elementor-element-925b8f4 elementor-widget elementor-widget-image\" data-id=\"925b8f4\" data-element_type=\"widget\" data-e-type=\"widget\" data-widget_type=\"image.default\">\n\t\t\t\t\t\t\t\t\t\t\t\t\t\t\t<img decoding=\"async\" width=\"800\" height=\"600\" src=\"https:\/\/lovic.cat\/wp-content\/uploads\/2026\/02\/IMAGEN_PERSONA_CUNIT.webp\" class=\"elementor-animation-grow attachment-large size-large wp-image-1394\" alt=\"\" srcset=\"https:\/\/lovic.cat\/wp-content\/uploads\/2026\/02\/IMAGEN_PERSONA_CUNIT.webp 800w, https:\/\/lovic.cat\/wp-content\/uploads\/2026\/02\/IMAGEN_PERSONA_CUNIT-300x225.webp 300w, https:\/\/lovic.cat\/wp-content\/uploads\/2026\/02\/IMAGEN_PERSONA_CUNIT-768x576.webp 768w\" sizes=\"(max-width: 800px) 100vw, 800px\" \/>\t\t\t\t\t\t\t\t\t\t\t\t\t\t\t<\/div>\n\t\t\t\t<\/div>\n\t\t\t\t\t<\/div>\n\t\t\t\t<\/div>\n\t\t\t\t<\/div>\n\t\t","protected":false},"excerpt":{"rendered":"<p>Ajuntament de Cunit \u00a0 Destaquem Aquest projecte es va iniciar l&#8217;any\u00a0 2020. S&#8217;efectua una diagn\u00f2si de la situaci\u00f3 actual dels [&hellip;]<\/p>\n","protected":false},"author":1,"featured_media":0,"parent":0,"menu_order":0,"comment_status":"closed","ping_status":"closed","template":"","meta":{"site-sidebar-layout":"no-sidebar","site-content-layout":"","ast-site-content-layout":"full-width-container","site-content-style":"default","site-sidebar-style":"default","ast-global-header-display":"","ast-banner-title-visibility":"","ast-main-header-display":"","ast-hfb-above-header-display":"","ast-hfb-below-header-display":"","ast-hfb-mobile-header-display":"","site-post-title":"disabled","ast-breadcrumbs-content":"","ast-featured-img":"disabled","footer-sml-layout":"","ast-disable-related-posts":"","theme-transparent-header-meta":"","adv-header-id-meta":"","stick-header-meta":"","header-above-stick-meta":"","header-main-stick-meta":"","header-below-stick-meta":"","astra-migrate-meta-layouts":"default","ast-page-background-enabled":"default","ast-page-background-meta":{"desktop":{"background-color":"var(--ast-global-color-5)","background-image":"","background-repeat":"repeat","background-position":"center center","background-size":"auto","background-attachment":"scroll","background-type":"","background-media":"","overlay-type":"","overlay-color":"","overlay-opacity":"","overlay-gradient":""},"tablet":{"background-color":"","background-image":"","background-repeat":"repeat","background-position":"center center","background-size":"auto","background-attachment":"scroll","background-type":"","background-media":"","overlay-type":"","overlay-color":"","overlay-opacity":"","overlay-gradient":""},"mobile":{"background-color":"","background-image":"","background-repeat":"repeat","background-position":"center center","background-size":"auto","background-attachment":"scroll","background-type":"","background-media":"","overlay-type":"","overlay-color":"","overlay-opacity":"","overlay-gradient":""}},"ast-content-background-meta":{"desktop":{"background-color":"var(--ast-global-color-4)","background-image":"","background-repeat":"repeat","background-position":"center center","background-size":"auto","background-attachment":"scroll","background-type":"","background-media":"","overlay-type":"","overlay-color":"","overlay-opacity":"","overlay-gradient":""},"tablet":{"background-color":"var(--ast-global-color-4)","background-image":"","background-repeat":"repeat","background-position":"center center","background-size":"auto","background-attachment":"scroll","background-type":"","background-media":"","overlay-type":"","overlay-color":"","overlay-opacity":"","overlay-gradient":""},"mobile":{"background-color":"var(--ast-global-color-4)","background-image":"","background-repeat":"repeat","background-position":"center center","background-size":"auto","background-attachment":"scroll","background-type":"","background-media":"","overlay-type":"","overlay-color":"","overlay-opacity":"","overlay-gradient":""}},"footnotes":""},"class_list":["post-1028","page","type-page","status-publish","hentry"],"_links":{"self":[{"href":"https:\/\/lovic.cat\/index.php\/wp-json\/wp\/v2\/pages\/1028","targetHints":{"allow":["GET"]}}],"collection":[{"href":"https:\/\/lovic.cat\/index.php\/wp-json\/wp\/v2\/pages"}],"about":[{"href":"https:\/\/lovic.cat\/index.php\/wp-json\/wp\/v2\/types\/page"}],"author":[{"embeddable":true,"href":"https:\/\/lovic.cat\/index.php\/wp-json\/wp\/v2\/users\/1"}],"replies":[{"embeddable":true,"href":"https:\/\/lovic.cat\/index.php\/wp-json\/wp\/v2\/comments?post=1028"}],"version-history":[{"count":33,"href":"https:\/\/lovic.cat\/index.php\/wp-json\/wp\/v2\/pages\/1028\/revisions"}],"predecessor-version":[{"id":1434,"href":"https:\/\/lovic.cat\/index.php\/wp-json\/wp\/v2\/pages\/1028\/revisions\/1434"}],"wp:attachment":[{"href":"https:\/\/lovic.cat\/index.php\/wp-json\/wp\/v2\/media?parent=1028"}],"curies":[{"name":"wp","href":"https:\/\/api.w.org\/{rel}","templated":true}]}}