{"id":1045,"date":"2026-02-18T10:42:15","date_gmt":"2026-02-18T09:42:15","guid":{"rendered":"https:\/\/lovicsl.ddns.net\/nova_lovic\/?page_id=1045"},"modified":"2026-02-23T10:42:30","modified_gmt":"2026-02-23T09:42:30","slug":"intendencia-montevideo","status":"publish","type":"page","link":"https:\/\/lovic.cat\/index.php\/intendencia-montevideo\/","title":{"rendered":"Intendencia Montevideo"},"content":{"rendered":"\t\t<div data-elementor-type=\"wp-page\" data-elementor-id=\"1045\" class=\"elementor elementor-1045\">\n\t\t\t\t<div class=\"elementor-element elementor-element-bc92e23 e-flex e-con-boxed e-con e-parent\" data-id=\"bc92e23\" data-element_type=\"container\" data-e-type=\"container\">\n\t\t\t\t\t<div class=\"e-con-inner\">\n\t\t\t\t<div class=\"elementor-element elementor-element-6aa0b38 elementor-widget elementor-widget-heading\" data-id=\"6aa0b38\" data-element_type=\"widget\" data-e-type=\"widget\" data-widget_type=\"heading.default\">\n\t\t\t\t\t<h2 class=\"elementor-heading-title elementor-size-default\">Intendencia Montevideo<\/h2>\t\t\t\t<\/div>\n\t\t\t\t\t<\/div>\n\t\t\t\t<\/div>\n\t\t<div class=\"elementor-element elementor-element-195ba4e e-flex e-con-boxed e-con e-parent\" data-id=\"195ba4e\" data-element_type=\"container\" data-e-type=\"container\">\n\t\t\t\t\t<div class=\"e-con-inner\">\n\t\t<div class=\"elementor-element elementor-element-21131e9 e-con-full e-flex e-con e-child\" data-id=\"21131e9\" data-element_type=\"container\" data-e-type=\"container\">\n\t\t\t\t<div class=\"elementor-element elementor-element-2a64ac7 elementor-widget elementor-widget-spacer\" data-id=\"2a64ac7\" data-element_type=\"widget\" data-e-type=\"widget\" data-widget_type=\"spacer.default\">\n\t\t\t\t\t\t\t<div class=\"elementor-spacer\">\n\t\t\t<div class=\"elementor-spacer-inner\"><\/div>\n\t\t<\/div>\n\t\t\t\t\t\t<\/div>\n\t\t\t\t<div class=\"elementor-element elementor-element-8d1fabe elementor-invisible elementor-widget elementor-widget-image\" data-id=\"8d1fabe\" data-element_type=\"widget\" data-e-type=\"widget\" data-settings=\"{&quot;_animation&quot;:&quot;fadeInLeft&quot;}\" data-widget_type=\"image.default\">\n\t\t\t\t\t\t\t\t\t\t\t\t\t\t\t<img decoding=\"async\" width=\"300\" height=\"120\" src=\"https:\/\/lovic.cat\/wp-content\/uploads\/2026\/02\/intendencia-montevideo-3.png\" class=\"elementor-animation-grow attachment-large size-large wp-image-1337\" alt=\"\" \/>\t\t\t\t\t\t\t\t\t\t\t\t\t\t\t<\/div>\n\t\t\t\t<\/div>\n\t\t<div class=\"elementor-element elementor-element-5529eea e-con-full e-flex e-con e-child\" data-id=\"5529eea\" data-element_type=\"container\" data-e-type=\"container\">\n\t\t\t\t<div class=\"elementor-element elementor-element-c87cab7 elementor-invisible elementor-widget elementor-widget-text-editor\" data-id=\"c87cab7\" data-element_type=\"widget\" data-e-type=\"widget\" data-settings=\"{&quot;_animation&quot;:&quot;fadeInRight&quot;}\" data-widget_type=\"text-editor.default\">\n\t\t\t\t\t\t\t\t\t<h4>\u00a0<\/h4><h4><strong>Destaquem<\/strong><\/h4><p>L\u2019estudi realitzat per l&#8217;Ajuntament de Montevideo proposa una reorganitzaci\u00f3 integral de la recollida de residus i de la xarxa de contenidors, amb l\u2019objectiu d\u2019optimitzar rutes, recursos i cobertura del servei en tota la ciutat.<\/p><p>El projecte permet racionalitzar els serveis existents i millorar altres \u00e0rees clau, com la recollida de poda, runes i voluminosos, i la implantaci\u00f3 de l\u2019escombrada mixta en punts estrat\u00e8gics. A m\u00e9s, s\u2019implanta un model de recollida de fracci\u00f3 seca en contenidors distribu\u00efts per tot el municipi, combinat amb cartografia web i el c\u00e0lcul dels recursos humans i materials necessaris, garantint un servei m\u00e9s eficient, sostenible i adaptat a les necessitats reals de la ciutadania.<\/p>\t\t\t\t\t\t\t\t<\/div>\n\t\t\t\t<\/div>\n\t\t\t\t\t<\/div>\n\t\t\t\t<\/div>\n\t\t<div class=\"elementor-element elementor-element-2cf37fa e-flex e-con-boxed e-con e-parent\" data-id=\"2cf37fa\" data-element_type=\"container\" data-e-type=\"container\">\n\t\t\t\t\t<div class=\"e-con-inner\">\n\t\t<div class=\"elementor-element elementor-element-9fcc16d e-con-full e-flex e-con e-child\" data-id=\"9fcc16d\" data-element_type=\"container\" data-e-type=\"container\">\n\t\t\t\t<div class=\"elementor-element elementor-element-18bca88 elementor-invisible elementor-widget elementor-widget-text-editor\" data-id=\"18bca88\" data-element_type=\"widget\" data-e-type=\"widget\" data-settings=\"{&quot;_animation&quot;:&quot;fadeIn&quot;}\" data-widget_type=\"text-editor.default\">\n\t\t\t\t\t\t\t\t\t<h4><strong>Implantaci\u00f3 i proc\u00e9s participatiu<\/strong><\/h4><p>L&#8217;Ajuntament de Montevideo va combinar l\u2019an\u00e0lisi t\u00e8cnica del servei amb un proc\u00e9s participatiu i estudis demogr\u00e0fics per planificar la nova organitzaci\u00f3 de la recollida de residus i neteja vi\u00e0ria.<\/p><p>Aquest enfocament va permetre optimitzar la xarxa de contenidors, redissenyar rutes i freq\u00fc\u00e8ncies, i implantar serveis de recollida per fracci\u00f3 seca i fracci\u00f3 indiferenciada a tota la ciutat. Tamb\u00e9 es va modernitzar l\u2019escombrada mec\u00e0nica amb la introducci\u00f3 de l\u2019escombrada mixta en punts estrat\u00e8gics i es va establir un inventari detallat de recursos humans i materials, assegurant aix\u00ed un servei m\u00e9s eficient, sostenible i adaptat a les necessitats reals del municipi.<\/p>\t\t\t\t\t\t\t\t<\/div>\n\t\t\t\t<\/div>\n\t\t<div class=\"elementor-element elementor-element-9fc68e3 e-con-full e-flex e-con e-child\" data-id=\"9fc68e3\" data-element_type=\"container\" data-e-type=\"container\">\n\t\t\t\t<div class=\"elementor-element elementor-element-6f3538f elementor-invisible elementor-widget elementor-widget-image\" data-id=\"6f3538f\" data-element_type=\"widget\" data-e-type=\"widget\" data-settings=\"{&quot;_animation&quot;:&quot;fadeInRight&quot;}\" data-widget_type=\"image.default\">\n\t\t\t\t\t\t\t\t\t\t\t\t\t\t\t<img fetchpriority=\"high\" decoding=\"async\" width=\"515\" height=\"446\" src=\"https:\/\/lovic.cat\/wp-content\/uploads\/2026\/02\/Intendencia_de_Montevideo-1.jpg\" class=\"elementor-animation-grow attachment-large size-large wp-image-1335\" alt=\"\" srcset=\"https:\/\/lovic.cat\/wp-content\/uploads\/2026\/02\/Intendencia_de_Montevideo-1.jpg 515w, https:\/\/lovic.cat\/wp-content\/uploads\/2026\/02\/Intendencia_de_Montevideo-1-300x260.jpg 300w\" sizes=\"(max-width: 515px) 100vw, 515px\" \/>\t\t\t\t\t\t\t\t\t\t\t\t\t\t\t<\/div>\n\t\t\t\t<\/div>\n\t\t\t\t\t<\/div>\n\t\t\t\t<\/div>\n\t\t\t\t<\/div>\n\t\t","protected":false},"excerpt":{"rendered":"<p>Intendencia Montevideo \u00a0 Destaquem L\u2019estudi realitzat per l&#8217;Ajuntament de Montevideo proposa una reorganitzaci\u00f3 integral de la recollida de residus i [&hellip;]<\/p>\n","protected":false},"author":1,"featured_media":0,"parent":0,"menu_order":0,"comment_status":"closed","ping_status":"closed","template":"","meta":{"site-sidebar-layout":"no-sidebar","site-content-layout":"","ast-site-content-layout":"full-width-container","site-content-style":"default","site-sidebar-style":"default","ast-global-header-display":"","ast-banner-title-visibility":"","ast-main-header-display":"","ast-hfb-above-header-display":"","ast-hfb-below-header-display":"","ast-hfb-mobile-header-display":"","site-post-title":"disabled","ast-breadcrumbs-content":"","ast-featured-img":"disabled","footer-sml-layout":"","ast-disable-related-posts":"","theme-transparent-header-meta":"","adv-header-id-meta":"","stick-header-meta":"","header-above-stick-meta":"","header-main-stick-meta":"","header-below-stick-meta":"","astra-migrate-meta-layouts":"default","ast-page-background-enabled":"default","ast-page-background-meta":{"desktop":{"background-color":"var(--ast-global-color-5)","background-image":"","background-repeat":"repeat","background-position":"center center","background-size":"auto","background-attachment":"scroll","background-type":"","background-media":"","overlay-type":"","overlay-color":"","overlay-opacity":"","overlay-gradient":""},"tablet":{"background-color":"","background-image":"","background-repeat":"repeat","background-position":"center center","background-size":"auto","background-attachment":"scroll","background-type":"","background-media":"","overlay-type":"","overlay-color":"","overlay-opacity":"","overlay-gradient":""},"mobile":{"background-color":"","background-image":"","background-repeat":"repeat","background-position":"center center","background-size":"auto","background-attachment":"scroll","background-type":"","background-media":"","overlay-type":"","overlay-color":"","overlay-opacity":"","overlay-gradient":""}},"ast-content-background-meta":{"desktop":{"background-color":"var(--ast-global-color-4)","background-image":"","background-repeat":"repeat","background-position":"center center","background-size":"auto","background-attachment":"scroll","background-type":"","background-media":"","overlay-type":"","overlay-color":"","overlay-opacity":"","overlay-gradient":""},"tablet":{"background-color":"var(--ast-global-color-4)","background-image":"","background-repeat":"repeat","background-position":"center center","background-size":"auto","background-attachment":"scroll","background-type":"","background-media":"","overlay-type":"","overlay-color":"","overlay-opacity":"","overlay-gradient":""},"mobile":{"background-color":"var(--ast-global-color-4)","background-image":"","background-repeat":"repeat","background-position":"center center","background-size":"auto","background-attachment":"scroll","background-type":"","background-media":"","overlay-type":"","overlay-color":"","overlay-opacity":"","overlay-gradient":""}},"footnotes":""},"class_list":["post-1045","page","type-page","status-publish","hentry"],"_links":{"self":[{"href":"https:\/\/lovic.cat\/index.php\/wp-json\/wp\/v2\/pages\/1045","targetHints":{"allow":["GET"]}}],"collection":[{"href":"https:\/\/lovic.cat\/index.php\/wp-json\/wp\/v2\/pages"}],"about":[{"href":"https:\/\/lovic.cat\/index.php\/wp-json\/wp\/v2\/types\/page"}],"author":[{"embeddable":true,"href":"https:\/\/lovic.cat\/index.php\/wp-json\/wp\/v2\/users\/1"}],"replies":[{"embeddable":true,"href":"https:\/\/lovic.cat\/index.php\/wp-json\/wp\/v2\/comments?post=1045"}],"version-history":[{"count":16,"href":"https:\/\/lovic.cat\/index.php\/wp-json\/wp\/v2\/pages\/1045\/revisions"}],"predecessor-version":[{"id":1437,"href":"https:\/\/lovic.cat\/index.php\/wp-json\/wp\/v2\/pages\/1045\/revisions\/1437"}],"wp:attachment":[{"href":"https:\/\/lovic.cat\/index.php\/wp-json\/wp\/v2\/media?parent=1045"}],"curies":[{"name":"wp","href":"https:\/\/api.w.org\/{rel}","templated":true}]}}