{"id":1060,"date":"2026-02-18T11:02:18","date_gmt":"2026-02-18T10:02:18","guid":{"rendered":"https:\/\/lovicsl.ddns.net\/nova_lovic\/?page_id=1060"},"modified":"2026-02-23T10:44:16","modified_gmt":"2026-02-23T09:44:16","slug":"ajuntament-de-badalona","status":"publish","type":"page","link":"https:\/\/lovic.cat\/index.php\/ajuntament-de-badalona\/","title":{"rendered":"Ajuntament de Badalona"},"content":{"rendered":"\t\t<div data-elementor-type=\"wp-page\" data-elementor-id=\"1060\" class=\"elementor elementor-1060\">\n\t\t\t\t<div class=\"elementor-element elementor-element-a957f5d e-flex e-con-boxed e-con e-parent\" data-id=\"a957f5d\" data-element_type=\"container\" data-e-type=\"container\">\n\t\t\t\t\t<div class=\"e-con-inner\">\n\t\t\t\t<div class=\"elementor-element elementor-element-34be311 elementor-widget elementor-widget-heading\" data-id=\"34be311\" data-element_type=\"widget\" data-e-type=\"widget\" data-widget_type=\"heading.default\">\n\t\t\t\t\t<h2 class=\"elementor-heading-title elementor-size-default\">Ajuntament de Badalona<\/h2>\t\t\t\t<\/div>\n\t\t\t\t\t<\/div>\n\t\t\t\t<\/div>\n\t\t<div class=\"elementor-element elementor-element-526d0d4 e-flex e-con-boxed e-con e-parent\" data-id=\"526d0d4\" data-element_type=\"container\" data-e-type=\"container\">\n\t\t\t\t\t<div class=\"e-con-inner\">\n\t\t<div class=\"elementor-element elementor-element-8fe5205 e-con-full e-flex e-con e-child\" data-id=\"8fe5205\" data-element_type=\"container\" data-e-type=\"container\">\n\t\t<div class=\"elementor-element elementor-element-0d84628 e-grid e-con-full e-con e-child\" data-id=\"0d84628\" data-element_type=\"container\" data-e-type=\"container\">\n\t\t\t\t<div class=\"elementor-element elementor-element-fac32b6 elementor-invisible elementor-widget elementor-widget-image\" data-id=\"fac32b6\" data-element_type=\"widget\" data-e-type=\"widget\" data-settings=\"{&quot;_animation&quot;:&quot;fadeInLeft&quot;}\" data-widget_type=\"image.default\">\n\t\t\t\t\t\t\t\t\t\t\t\t\t\t\t<img fetchpriority=\"high\" decoding=\"async\" width=\"900\" height=\"600\" src=\"https:\/\/lovic.cat\/wp-content\/uploads\/2026\/02\/projecte_badalona.jpg\" class=\"elementor-animation-grow attachment-large size-large wp-image-1277\" alt=\"\" srcset=\"https:\/\/lovic.cat\/wp-content\/uploads\/2026\/02\/projecte_badalona.jpg 900w, https:\/\/lovic.cat\/wp-content\/uploads\/2026\/02\/projecte_badalona-300x200.jpg 300w, https:\/\/lovic.cat\/wp-content\/uploads\/2026\/02\/projecte_badalona-768x512.jpg 768w\" sizes=\"(max-width: 900px) 100vw, 900px\" \/>\t\t\t\t\t\t\t\t\t\t\t\t\t\t\t<\/div>\n\t\t\t\t<\/div>\n\t\t\t\t<\/div>\n\t\t<div class=\"elementor-element elementor-element-9c8b94c e-con-full e-flex e-con e-child\" data-id=\"9c8b94c\" data-element_type=\"container\" data-e-type=\"container\">\n\t\t\t\t<div class=\"elementor-element elementor-element-5c06b50 elementor-invisible elementor-widget elementor-widget-text-editor\" data-id=\"5c06b50\" data-element_type=\"widget\" data-e-type=\"widget\" data-settings=\"{&quot;_animation&quot;:&quot;fadeInRight&quot;}\" data-widget_type=\"text-editor.default\">\n\t\t\t\t\t\t\t\t\t<h3><strong>Destaquem<\/strong><\/h3><p>L\u2019Ajuntament de Badalona impulsa un model de control de qualitat que garanteix un seguiment eficient i objectiu del servei de neteja vi\u00e0ria, amb inspeccions sistem\u00e0tiques, an\u00e0lisi territorial i un model de retribuci\u00f3 vinculat a la qualitat.<\/p><p>Des del canvi de contracte (2008) fins a la implantaci\u00f3 del servei (2012), el projecte ha incorporat informes mensuals, inspeccions calibrades i tecnologies GIS, permetent ajustar els serveis a les necessitats reals, optimitzar recursos i assegurar transpar\u00e8ncia i millora cont\u00ednua.<\/p>\t\t\t\t\t\t\t\t<\/div>\n\t\t\t\t<\/div>\n\t\t\t\t\t<\/div>\n\t\t\t\t<\/div>\n\t\t<div class=\"elementor-element elementor-element-8117ed2 e-flex e-con-boxed e-con e-parent\" data-id=\"8117ed2\" data-element_type=\"container\" data-e-type=\"container\">\n\t\t\t\t\t<div class=\"e-con-inner\">\n\t\t<div class=\"elementor-element elementor-element-481c620 e-con-full e-flex e-con e-child\" data-id=\"481c620\" data-element_type=\"container\" data-e-type=\"container\">\n\t\t\t\t<div class=\"elementor-element elementor-element-5312edc elementor-invisible elementor-widget elementor-widget-text-editor\" data-id=\"5312edc\" data-element_type=\"widget\" data-e-type=\"widget\" data-settings=\"{&quot;_animation&quot;:&quot;fadeInUp&quot;}\" data-widget_type=\"text-editor.default\">\n\t\t\t\t\t\t\t\t\t<p><strong>Implantaci\u00f3 i seguiment del model de control<\/strong><\/p><p>La implantaci\u00f3 del model de control de qualitat per part de l\u2019Ajuntament de Badalona va permetre establir un sistema objectiu de seguiment del servei de neteja vi\u00e0ria, basat en inspeccions, criteris t\u00e8cnics i an\u00e0lisi territorial.<\/p><p>El model incorpora tecnologies GIS, informes mensuals i un sistema de retribuci\u00f3 vinculat a la qualitat del servei, facilitant l\u2019ajust continu dels recursos i la millora permanent de la prestaci\u00f3.<\/p>\t\t\t\t\t\t\t\t<\/div>\n\t\t\t\t<\/div>\n\t\t<div class=\"elementor-element elementor-element-35d62aa e-con-full e-flex e-con e-child\" data-id=\"35d62aa\" data-element_type=\"container\" data-e-type=\"container\">\n\t\t\t\t<div class=\"elementor-element elementor-element-6c5422e elementor-invisible elementor-widget elementor-widget-image\" data-id=\"6c5422e\" data-element_type=\"widget\" data-e-type=\"widget\" data-settings=\"{&quot;_animation&quot;:&quot;fadeInRight&quot;}\" data-widget_type=\"image.default\">\n\t\t\t\t\t\t\t\t\t\t\t\t\t\t\t<img decoding=\"async\" width=\"800\" height=\"600\" src=\"https:\/\/lovic.cat\/wp-content\/uploads\/2026\/02\/servei-neteja-badalona-1.jpeg\" class=\"elementor-animation-grow attachment-large size-large wp-image-1279\" alt=\"\" srcset=\"https:\/\/lovic.cat\/wp-content\/uploads\/2026\/02\/servei-neteja-badalona-1.jpeg 800w, https:\/\/lovic.cat\/wp-content\/uploads\/2026\/02\/servei-neteja-badalona-1-300x225.jpeg 300w, https:\/\/lovic.cat\/wp-content\/uploads\/2026\/02\/servei-neteja-badalona-1-768x576.jpeg 768w\" sizes=\"(max-width: 800px) 100vw, 800px\" \/>\t\t\t\t\t\t\t\t\t\t\t\t\t\t\t<\/div>\n\t\t\t\t<\/div>\n\t\t\t\t\t<\/div>\n\t\t\t\t<\/div>\n\t\t\t\t<\/div>\n\t\t","protected":false},"excerpt":{"rendered":"<p>Ajuntament de Badalona Destaquem L\u2019Ajuntament de Badalona impulsa un model de control de qualitat que garanteix un seguiment eficient i [&hellip;]<\/p>\n","protected":false},"author":1,"featured_media":0,"parent":0,"menu_order":0,"comment_status":"closed","ping_status":"closed","template":"","meta":{"site-sidebar-layout":"no-sidebar","site-content-layout":"","ast-site-content-layout":"full-width-container","site-content-style":"default","site-sidebar-style":"default","ast-global-header-display":"","ast-banner-title-visibility":"","ast-main-header-display":"","ast-hfb-above-header-display":"","ast-hfb-below-header-display":"","ast-hfb-mobile-header-display":"","site-post-title":"disabled","ast-breadcrumbs-content":"","ast-featured-img":"disabled","footer-sml-layout":"","ast-disable-related-posts":"","theme-transparent-header-meta":"","adv-header-id-meta":"","stick-header-meta":"","header-above-stick-meta":"","header-main-stick-meta":"","header-below-stick-meta":"","astra-migrate-meta-layouts":"default","ast-page-background-enabled":"default","ast-page-background-meta":{"desktop":{"background-color":"var(--ast-global-color-5)","background-image":"","background-repeat":"repeat","background-position":"center center","background-size":"auto","background-attachment":"scroll","background-type":"","background-media":"","overlay-type":"","overlay-color":"","overlay-opacity":"","overlay-gradient":""},"tablet":{"background-color":"","background-image":"","background-repeat":"repeat","background-position":"center center","background-size":"auto","background-attachment":"scroll","background-type":"","background-media":"","overlay-type":"","overlay-color":"","overlay-opacity":"","overlay-gradient":""},"mobile":{"background-color":"","background-image":"","background-repeat":"repeat","background-position":"center center","background-size":"auto","background-attachment":"scroll","background-type":"","background-media":"","overlay-type":"","overlay-color":"","overlay-opacity":"","overlay-gradient":""}},"ast-content-background-meta":{"desktop":{"background-color":"var(--ast-global-color-4)","background-image":"","background-repeat":"repeat","background-position":"center center","background-size":"auto","background-attachment":"scroll","background-type":"","background-media":"","overlay-type":"","overlay-color":"","overlay-opacity":"","overlay-gradient":""},"tablet":{"background-color":"var(--ast-global-color-4)","background-image":"","background-repeat":"repeat","background-position":"center center","background-size":"auto","background-attachment":"scroll","background-type":"","background-media":"","overlay-type":"","overlay-color":"","overlay-opacity":"","overlay-gradient":""},"mobile":{"background-color":"var(--ast-global-color-4)","background-image":"","background-repeat":"repeat","background-position":"center center","background-size":"auto","background-attachment":"scroll","background-type":"","background-media":"","overlay-type":"","overlay-color":"","overlay-opacity":"","overlay-gradient":""}},"footnotes":""},"class_list":["post-1060","page","type-page","status-publish","hentry"],"_links":{"self":[{"href":"https:\/\/lovic.cat\/index.php\/wp-json\/wp\/v2\/pages\/1060","targetHints":{"allow":["GET"]}}],"collection":[{"href":"https:\/\/lovic.cat\/index.php\/wp-json\/wp\/v2\/pages"}],"about":[{"href":"https:\/\/lovic.cat\/index.php\/wp-json\/wp\/v2\/types\/page"}],"author":[{"embeddable":true,"href":"https:\/\/lovic.cat\/index.php\/wp-json\/wp\/v2\/users\/1"}],"replies":[{"embeddable":true,"href":"https:\/\/lovic.cat\/index.php\/wp-json\/wp\/v2\/comments?post=1060"}],"version-history":[{"count":20,"href":"https:\/\/lovic.cat\/index.php\/wp-json\/wp\/v2\/pages\/1060\/revisions"}],"predecessor-version":[{"id":1443,"href":"https:\/\/lovic.cat\/index.php\/wp-json\/wp\/v2\/pages\/1060\/revisions\/1443"}],"wp:attachment":[{"href":"https:\/\/lovic.cat\/index.php\/wp-json\/wp\/v2\/media?parent=1060"}],"curies":[{"name":"wp","href":"https:\/\/api.w.org\/{rel}","templated":true}]}}