{"id":1350,"date":"2026-02-20T11:19:33","date_gmt":"2026-02-20T10:19:33","guid":{"rendered":"https:\/\/lovic.cat\/?page_id=1350"},"modified":"2026-02-23T10:43:25","modified_gmt":"2026-02-23T09:43:25","slug":"principat-dandorra-2","status":"publish","type":"page","link":"https:\/\/lovic.cat\/index.php\/principat-dandorra-2\/","title":{"rendered":"Principat d&#8217;Andorra"},"content":{"rendered":"\t\t<div data-elementor-type=\"wp-page\" data-elementor-id=\"1350\" class=\"elementor elementor-1350\">\n\t\t\t\t<div class=\"elementor-element elementor-element-869454d e-flex e-con-boxed e-con e-parent\" data-id=\"869454d\" data-element_type=\"container\" data-e-type=\"container\">\n\t\t\t\t\t<div class=\"e-con-inner\">\n\t\t\t\t<div class=\"elementor-element elementor-element-090fbb5 elementor-widget elementor-widget-heading\" data-id=\"090fbb5\" data-element_type=\"widget\" data-e-type=\"widget\" data-widget_type=\"heading.default\">\n\t\t\t\t\t<h2 class=\"elementor-heading-title elementor-size-default\">Principat d'Andorra<\/h2>\t\t\t\t<\/div>\n\t\t\t\t\t<\/div>\n\t\t\t\t<\/div>\n\t\t<div class=\"elementor-element elementor-element-15cf581 e-flex e-con-boxed e-con e-parent\" data-id=\"15cf581\" data-element_type=\"container\" data-e-type=\"container\">\n\t\t\t\t\t<div class=\"e-con-inner\">\n\t\t<div class=\"elementor-element elementor-element-b2e06f7 e-con-full e-flex e-con e-child\" data-id=\"b2e06f7\" data-element_type=\"container\" data-e-type=\"container\">\n\t\t\t\t<div class=\"elementor-element elementor-element-e28a0a6 elementor-invisible elementor-widget elementor-widget-image\" data-id=\"e28a0a6\" data-element_type=\"widget\" data-e-type=\"widget\" data-settings=\"{&quot;_animation&quot;:&quot;fadeInLeft&quot;}\" data-widget_type=\"image.default\">\n\t\t\t\t\t\t\t\t\t\t\t\t\t\t\t<img fetchpriority=\"high\" decoding=\"async\" width=\"779\" height=\"517\" src=\"https:\/\/lovic.cat\/wp-content\/uploads\/2026\/02\/Andorra_con_letra-2.png\" class=\"elementor-animation-grow attachment-large size-large wp-image-1352\" alt=\"\" srcset=\"https:\/\/lovic.cat\/wp-content\/uploads\/2026\/02\/Andorra_con_letra-2.png 779w, https:\/\/lovic.cat\/wp-content\/uploads\/2026\/02\/Andorra_con_letra-2-300x199.png 300w, https:\/\/lovic.cat\/wp-content\/uploads\/2026\/02\/Andorra_con_letra-2-768x510.png 768w\" sizes=\"(max-width: 779px) 100vw, 779px\" \/>\t\t\t\t\t\t\t\t\t\t\t\t\t\t\t<\/div>\n\t\t\t\t<\/div>\n\t\t<div class=\"elementor-element elementor-element-07b42d8 e-con-full e-flex e-con e-child\" data-id=\"07b42d8\" data-element_type=\"container\" data-e-type=\"container\">\n\t\t\t\t<div class=\"elementor-element elementor-element-2b08c7d elementor-invisible elementor-widget elementor-widget-text-editor\" data-id=\"2b08c7d\" data-element_type=\"widget\" data-e-type=\"widget\" data-settings=\"{&quot;_animation&quot;:&quot;fadeInRight&quot;}\" data-widget_type=\"text-editor.default\">\n\t\t\t\t\t\t\t\t\t<h4>\u00a0<\/h4><h4><strong>Destaquem<\/strong><\/h4><p>La proposta d\u2019unificaci\u00f3 del servei de recollida de residus de les set parr\u00f2quies d\u2019Andorra permet optimitzar recursos, racionalitzar rutes, torns i freq\u00fc\u00e8ncies, i assolir un estalvi econ\u00f2mic significatiu.<\/p><p>El projecte garanteix un servei adaptat a les necessitats espec\u00edfiques de cada Com\u00fa, amb una xarxa de contenidors homogene\u00eftzada, renovaci\u00f3 dels equips i vehicles m\u00e9s eficients i sostenibles, i un mecanisme de repartiment de costos just i clar, assegurant la qualitat del servei i la sostenibilitat econ\u00f2mica i ambiental del sistema.<\/p>\t\t\t\t\t\t\t\t<\/div>\n\t\t\t\t<\/div>\n\t\t\t\t\t<\/div>\n\t\t\t\t<\/div>\n\t\t<div class=\"elementor-element elementor-element-2728dcb e-flex e-con-boxed e-con e-parent\" data-id=\"2728dcb\" data-element_type=\"container\" data-e-type=\"container\">\n\t\t\t\t\t<div class=\"e-con-inner\">\n\t\t<div class=\"elementor-element elementor-element-1b02985 e-con-full e-flex e-con e-child\" data-id=\"1b02985\" data-element_type=\"container\" data-e-type=\"container\">\n\t\t\t\t<div class=\"elementor-element elementor-element-22c1f4d elementor-invisible elementor-widget elementor-widget-text-editor\" data-id=\"22c1f4d\" data-element_type=\"widget\" data-e-type=\"widget\" data-settings=\"{&quot;_animation&quot;:&quot;fadeInUp&quot;}\" data-widget_type=\"text-editor.default\">\n\t\t\t\t\t\t\t\t\t<h4><strong>Implantaci\u00f3 i proc\u00e9s participatiu<\/strong><\/h4><p>El Principat d&#8217;Andorra va dur a terme un proc\u00e9s participatiu amb els t\u00e8cnics i responsables pol\u00edtics de les set parr\u00f2quies per definir la nova organitzaci\u00f3 del servei unificat de recollida de residus.<\/p><p>Aquest enfocament va permetre analitzar la situaci\u00f3 t\u00e8cnica i organitzativa dels serveis existents, optimitzar la xarxa de contenidors, racionalitzar rutes, torns i freq\u00fc\u00e8ncies, i planificar la renovaci\u00f3 dels equips i vehicles adaptats a l\u2019orografia del pa\u00eds. Alhora, es va establir un model clar i equitatiu de repartiment de costos entre els Comuns, garantint un servei eficient, sostenible i adaptat a les necessitats reals de cada parr\u00f2quia.<\/p>\t\t\t\t\t\t\t\t<\/div>\n\t\t\t\t<\/div>\n\t\t<div class=\"elementor-element elementor-element-5ec973e e-con-full e-flex e-con e-child\" data-id=\"5ec973e\" data-element_type=\"container\" data-e-type=\"container\">\n\t\t\t\t<div class=\"elementor-element elementor-element-c1ec9d4 elementor-invisible elementor-widget elementor-widget-image\" data-id=\"c1ec9d4\" data-element_type=\"widget\" data-e-type=\"widget\" data-settings=\"{&quot;_animation&quot;:&quot;fadeInRight&quot;}\" data-widget_type=\"image.default\">\n\t\t\t\t\t\t\t\t\t\t\t\t\t\t\t<img decoding=\"async\" width=\"468\" height=\"352\" src=\"https:\/\/lovic.cat\/wp-content\/uploads\/2026\/02\/andorra_petita2.jpg\" class=\"elementor-animation-grow attachment-large size-large wp-image-1353\" alt=\"\" srcset=\"https:\/\/lovic.cat\/wp-content\/uploads\/2026\/02\/andorra_petita2.jpg 468w, https:\/\/lovic.cat\/wp-content\/uploads\/2026\/02\/andorra_petita2-300x226.jpg 300w\" sizes=\"(max-width: 468px) 100vw, 468px\" \/>\t\t\t\t\t\t\t\t\t\t\t\t\t\t\t<\/div>\n\t\t\t\t<\/div>\n\t\t\t\t\t<\/div>\n\t\t\t\t<\/div>\n\t\t\t\t<\/div>\n\t\t","protected":false},"excerpt":{"rendered":"<p>Principat d&#8217;Andorra \u00a0 Destaquem La proposta d\u2019unificaci\u00f3 del servei de recollida de residus de les set parr\u00f2quies d\u2019Andorra permet optimitzar [&hellip;]<\/p>\n","protected":false},"author":1,"featured_media":0,"parent":0,"menu_order":0,"comment_status":"closed","ping_status":"closed","template":"","meta":{"site-sidebar-layout":"no-sidebar","site-content-layout":"","ast-site-content-layout":"full-width-container","site-content-style":"default","site-sidebar-style":"default","ast-global-header-display":"","ast-banner-title-visibility":"","ast-main-header-display":"","ast-hfb-above-header-display":"","ast-hfb-below-header-display":"","ast-hfb-mobile-header-display":"","site-post-title":"disabled","ast-breadcrumbs-content":"","ast-featured-img":"disabled","footer-sml-layout":"","ast-disable-related-posts":"","theme-transparent-header-meta":"","adv-header-id-meta":"","stick-header-meta":"","header-above-stick-meta":"","header-main-stick-meta":"","header-below-stick-meta":"","astra-migrate-meta-layouts":"default","ast-page-background-enabled":"default","ast-page-background-meta":{"desktop":{"background-color":"var(--ast-global-color-5)","background-image":"","background-repeat":"repeat","background-position":"center center","background-size":"auto","background-attachment":"scroll","background-type":"","background-media":"","overlay-type":"","overlay-color":"","overlay-opacity":"","overlay-gradient":""},"tablet":{"background-color":"","background-image":"","background-repeat":"repeat","background-position":"center center","background-size":"auto","background-attachment":"scroll","background-type":"","background-media":"","overlay-type":"","overlay-color":"","overlay-opacity":"","overlay-gradient":""},"mobile":{"background-color":"","background-image":"","background-repeat":"repeat","background-position":"center center","background-size":"auto","background-attachment":"scroll","background-type":"","background-media":"","overlay-type":"","overlay-color":"","overlay-opacity":"","overlay-gradient":""}},"ast-content-background-meta":{"desktop":{"background-color":"var(--ast-global-color-4)","background-image":"","background-repeat":"repeat","background-position":"center center","background-size":"auto","background-attachment":"scroll","background-type":"","background-media":"","overlay-type":"","overlay-color":"","overlay-opacity":"","overlay-gradient":""},"tablet":{"background-color":"var(--ast-global-color-4)","background-image":"","background-repeat":"repeat","background-position":"center center","background-size":"auto","background-attachment":"scroll","background-type":"","background-media":"","overlay-type":"","overlay-color":"","overlay-opacity":"","overlay-gradient":""},"mobile":{"background-color":"var(--ast-global-color-4)","background-image":"","background-repeat":"repeat","background-position":"center center","background-size":"auto","background-attachment":"scroll","background-type":"","background-media":"","overlay-type":"","overlay-color":"","overlay-opacity":"","overlay-gradient":""}},"footnotes":""},"class_list":["post-1350","page","type-page","status-publish","hentry"],"_links":{"self":[{"href":"https:\/\/lovic.cat\/index.php\/wp-json\/wp\/v2\/pages\/1350","targetHints":{"allow":["GET"]}}],"collection":[{"href":"https:\/\/lovic.cat\/index.php\/wp-json\/wp\/v2\/pages"}],"about":[{"href":"https:\/\/lovic.cat\/index.php\/wp-json\/wp\/v2\/types\/page"}],"author":[{"embeddable":true,"href":"https:\/\/lovic.cat\/index.php\/wp-json\/wp\/v2\/users\/1"}],"replies":[{"embeddable":true,"href":"https:\/\/lovic.cat\/index.php\/wp-json\/wp\/v2\/comments?post=1350"}],"version-history":[{"count":16,"href":"https:\/\/lovic.cat\/index.php\/wp-json\/wp\/v2\/pages\/1350\/revisions"}],"predecessor-version":[{"id":1440,"href":"https:\/\/lovic.cat\/index.php\/wp-json\/wp\/v2\/pages\/1350\/revisions\/1440"}],"wp:attachment":[{"href":"https:\/\/lovic.cat\/index.php\/wp-json\/wp\/v2\/media?parent=1350"}],"curies":[{"name":"wp","href":"https:\/\/api.w.org\/{rel}","templated":true}]}}