{"id":1408,"date":"2026-02-23T10:05:25","date_gmt":"2026-02-23T09:05:25","guid":{"rendered":"https:\/\/lovic.cat\/?page_id=1408"},"modified":"2026-02-23T10:33:36","modified_gmt":"2026-02-23T09:33:36","slug":"ajuntament-de-girona-2","status":"publish","type":"page","link":"https:\/\/lovic.cat\/index.php\/ajuntament-de-girona-2\/","title":{"rendered":"Ajuntament de Girona"},"content":{"rendered":"\t\t<div data-elementor-type=\"wp-page\" data-elementor-id=\"1408\" class=\"elementor elementor-1408\">\n\t\t\t\t<div class=\"elementor-element elementor-element-131a625 e-flex e-con-boxed e-con e-parent\" data-id=\"131a625\" data-element_type=\"container\" data-e-type=\"container\">\n\t\t\t\t\t<div class=\"e-con-inner\">\n\t\t\t\t<div class=\"elementor-element elementor-element-dbd147f elementor-widget elementor-widget-heading\" data-id=\"dbd147f\" data-element_type=\"widget\" data-e-type=\"widget\" data-widget_type=\"heading.default\">\n\t\t\t\t\t<h2 class=\"elementor-heading-title elementor-size-default\">Ajuntament de Girona<\/h2>\t\t\t\t<\/div>\n\t\t\t\t\t<\/div>\n\t\t\t\t<\/div>\n\t\t<div class=\"elementor-element elementor-element-55aeb33 e-flex e-con-boxed e-con e-parent\" data-id=\"55aeb33\" data-element_type=\"container\" data-e-type=\"container\">\n\t\t\t\t\t<div class=\"e-con-inner\">\n\t\t<div class=\"elementor-element elementor-element-357677b e-con-full e-flex e-con e-child\" data-id=\"357677b\" data-element_type=\"container\" data-e-type=\"container\">\n\t\t\t\t<div class=\"elementor-element elementor-element-8c59cf0 elementor-invisible elementor-widget elementor-widget-image\" data-id=\"8c59cf0\" data-element_type=\"widget\" data-e-type=\"widget\" data-settings=\"{&quot;_animation&quot;:&quot;fadeInLeft&quot;}\" data-widget_type=\"image.default\">\n\t\t\t\t\t\t\t\t\t\t\t\t\t\t\t<img fetchpriority=\"high\" decoding=\"async\" width=\"256\" height=\"212\" src=\"https:\/\/lovic.cat\/wp-content\/uploads\/2026\/02\/Aj_Girona.png\" class=\"elementor-animation-grow attachment-large size-large wp-image-210\" alt=\"\" \/>\t\t\t\t\t\t\t\t\t\t\t\t\t\t\t<\/div>\n\t\t\t\t<\/div>\n\t\t<div class=\"elementor-element elementor-element-019ecd9 e-con-full e-flex e-con e-child\" data-id=\"019ecd9\" data-element_type=\"container\" data-e-type=\"container\">\n\t\t\t\t<div class=\"elementor-element elementor-element-cfa9f93 elementor-invisible elementor-widget elementor-widget-text-editor\" data-id=\"cfa9f93\" data-element_type=\"widget\" data-e-type=\"widget\" data-settings=\"{&quot;_animation&quot;:&quot;fadeInRight&quot;}\" data-widget_type=\"text-editor.default\">\n\t\t\t\t\t\t\t\t\t<h3>\u00a0<\/h3><h3><strong>Destaquem<\/strong><\/h3><p>El desenvolupament d\u2019aquest projecte amb l\u2019Ajuntament de Girona va permetre optimitzar i millorar el servei, adaptant-lo a les necessitats del territori i mantenint-ne el cost. A m\u00e9s, es va utilitzar la implementaci\u00f3 de tecnologies GIS en el disseny dels serveis i es va dissenyar un model innovador de retribuci\u00f3 lligada al control de qualitat.<\/p>\t\t\t\t\t\t\t\t<\/div>\n\t\t\t\t<\/div>\n\t\t\t\t\t<\/div>\n\t\t\t\t<\/div>\n\t\t<div class=\"elementor-element elementor-element-e0b4e12 e-flex e-con-boxed e-con e-parent\" data-id=\"e0b4e12\" data-element_type=\"container\" data-e-type=\"container\">\n\t\t\t\t\t<div class=\"e-con-inner\">\n\t\t<div class=\"elementor-element elementor-element-dec1643 e-con-full e-flex e-con e-child\" data-id=\"dec1643\" data-element_type=\"container\" data-e-type=\"container\">\n\t\t\t\t<div class=\"elementor-element elementor-element-3c799da elementor-invisible elementor-widget elementor-widget-text-editor\" data-id=\"3c799da\" data-element_type=\"widget\" data-e-type=\"widget\" data-settings=\"{&quot;_animation&quot;:&quot;fadeInUp&quot;}\" data-widget_type=\"text-editor.default\">\n\t\t\t\t\t\t\t\t\t<h3><strong>Implantaci\u00f3 i proc\u00e9s de desenvolupament<\/strong><\/h3><p>El projecte amb l\u2019Ajuntament de Girona es va estructurar en dues fases.<\/p><p>En una primera fase de disseny, es va analitzar la situaci\u00f3 inicial del servei, la maquin\u00e0ria i els contractes existents, es va realitzar treball de camp i es va estudiar la distribuci\u00f3 \u00f2ptima de contenidors i serveis mitjan\u00e7ant tecnologia GIS, definint objectius t\u00e8cnics, ambientals i econ\u00f2mics.<\/p><p>En una segona fase de contractaci\u00f3, es va elaborar el plec t\u00e8cnic, es va definir un model de retribuci\u00f3 vinculat al control de qualitat i es va donar suport en el proc\u00e9s d\u2019adjudicaci\u00f3 del nou contracte unificat.<\/p>\t\t\t\t\t\t\t\t<\/div>\n\t\t\t\t<\/div>\n\t\t<div class=\"elementor-element elementor-element-67bc3c7 e-con-full e-flex e-con e-child\" data-id=\"67bc3c7\" data-element_type=\"container\" data-e-type=\"container\">\n\t\t\t\t<div class=\"elementor-element elementor-element-fa4300b elementor-invisible elementor-widget elementor-widget-image\" data-id=\"fa4300b\" data-element_type=\"widget\" data-e-type=\"widget\" data-settings=\"{&quot;_animation&quot;:&quot;fadeInDown&quot;}\" data-widget_type=\"image.default\">\n\t\t\t\t\t\t\t\t\t\t\t\t\t\t\t<img decoding=\"async\" width=\"570\" height=\"371\" src=\"https:\/\/lovic.cat\/wp-content\/uploads\/2026\/02\/girona.png\" class=\"elementor-animation-grow attachment-large size-large wp-image-1413\" alt=\"\" srcset=\"https:\/\/lovic.cat\/wp-content\/uploads\/2026\/02\/girona.png 570w, https:\/\/lovic.cat\/wp-content\/uploads\/2026\/02\/girona-300x195.png 300w\" sizes=\"(max-width: 570px) 100vw, 570px\" \/>\t\t\t\t\t\t\t\t\t\t\t\t\t\t\t<\/div>\n\t\t\t\t<\/div>\n\t\t\t\t\t<\/div>\n\t\t\t\t<\/div>\n\t\t\t\t<\/div>\n\t\t","protected":false},"excerpt":{"rendered":"<p>Ajuntament de Girona \u00a0 Destaquem El desenvolupament d\u2019aquest projecte amb l\u2019Ajuntament de Girona va permetre optimitzar i millorar el servei, [&hellip;]<\/p>\n","protected":false},"author":1,"featured_media":0,"parent":0,"menu_order":0,"comment_status":"closed","ping_status":"closed","template":"","meta":{"site-sidebar-layout":"no-sidebar","site-content-layout":"","ast-site-content-layout":"full-width-container","site-content-style":"default","site-sidebar-style":"default","ast-global-header-display":"","ast-banner-title-visibility":"","ast-main-header-display":"","ast-hfb-above-header-display":"","ast-hfb-below-header-display":"","ast-hfb-mobile-header-display":"","site-post-title":"disabled","ast-breadcrumbs-content":"","ast-featured-img":"disabled","footer-sml-layout":"","ast-disable-related-posts":"","theme-transparent-header-meta":"","adv-header-id-meta":"","stick-header-meta":"","header-above-stick-meta":"","header-main-stick-meta":"","header-below-stick-meta":"","astra-migrate-meta-layouts":"default","ast-page-background-enabled":"default","ast-page-background-meta":{"desktop":{"background-color":"var(--ast-global-color-5)","background-image":"","background-repeat":"repeat","background-position":"center center","background-size":"auto","background-attachment":"scroll","background-type":"","background-media":"","overlay-type":"","overlay-color":"","overlay-opacity":"","overlay-gradient":""},"tablet":{"background-color":"","background-image":"","background-repeat":"repeat","background-position":"center center","background-size":"auto","background-attachment":"scroll","background-type":"","background-media":"","overlay-type":"","overlay-color":"","overlay-opacity":"","overlay-gradient":""},"mobile":{"background-color":"","background-image":"","background-repeat":"repeat","background-position":"center center","background-size":"auto","background-attachment":"scroll","background-type":"","background-media":"","overlay-type":"","overlay-color":"","overlay-opacity":"","overlay-gradient":""}},"ast-content-background-meta":{"desktop":{"background-color":"var(--ast-global-color-4)","background-image":"","background-repeat":"repeat","background-position":"center center","background-size":"auto","background-attachment":"scroll","background-type":"","background-media":"","overlay-type":"","overlay-color":"","overlay-opacity":"","overlay-gradient":""},"tablet":{"background-color":"var(--ast-global-color-4)","background-image":"","background-repeat":"repeat","background-position":"center center","background-size":"auto","background-attachment":"scroll","background-type":"","background-media":"","overlay-type":"","overlay-color":"","overlay-opacity":"","overlay-gradient":""},"mobile":{"background-color":"var(--ast-global-color-4)","background-image":"","background-repeat":"repeat","background-position":"center center","background-size":"auto","background-attachment":"scroll","background-type":"","background-media":"","overlay-type":"","overlay-color":"","overlay-opacity":"","overlay-gradient":""}},"footnotes":""},"class_list":["post-1408","page","type-page","status-publish","hentry"],"_links":{"self":[{"href":"https:\/\/lovic.cat\/index.php\/wp-json\/wp\/v2\/pages\/1408","targetHints":{"allow":["GET"]}}],"collection":[{"href":"https:\/\/lovic.cat\/index.php\/wp-json\/wp\/v2\/pages"}],"about":[{"href":"https:\/\/lovic.cat\/index.php\/wp-json\/wp\/v2\/types\/page"}],"author":[{"embeddable":true,"href":"https:\/\/lovic.cat\/index.php\/wp-json\/wp\/v2\/users\/1"}],"replies":[{"embeddable":true,"href":"https:\/\/lovic.cat\/index.php\/wp-json\/wp\/v2\/comments?post=1408"}],"version-history":[{"count":13,"href":"https:\/\/lovic.cat\/index.php\/wp-json\/wp\/v2\/pages\/1408\/revisions"}],"predecessor-version":[{"id":1431,"href":"https:\/\/lovic.cat\/index.php\/wp-json\/wp\/v2\/pages\/1408\/revisions\/1431"}],"wp:attachment":[{"href":"https:\/\/lovic.cat\/index.php\/wp-json\/wp\/v2\/media?parent=1408"}],"curies":[{"name":"wp","href":"https:\/\/api.w.org\/{rel}","templated":true}]}}