{"id":1493,"date":"2026-02-24T10:03:09","date_gmt":"2026-02-24T09:03:09","guid":{"rendered":"https:\/\/lovic.cat\/?page_id=1493"},"modified":"2026-02-24T10:45:10","modified_gmt":"2026-02-24T09:45:10","slug":"ajuntament-de-montgat","status":"publish","type":"page","link":"https:\/\/lovic.cat\/index.php\/ajuntament-de-montgat\/","title":{"rendered":"Ajuntament de Montgat"},"content":{"rendered":"\t\t<div data-elementor-type=\"wp-page\" data-elementor-id=\"1493\" class=\"elementor elementor-1493\">\n\t\t\t\t<div class=\"elementor-element elementor-element-f8e5b08 e-flex e-con-boxed e-con e-parent\" data-id=\"f8e5b08\" data-element_type=\"container\" data-e-type=\"container\">\n\t\t\t\t\t<div class=\"e-con-inner\">\n\t\t\t\t<div class=\"elementor-element elementor-element-fedc917 elementor-widget elementor-widget-heading\" data-id=\"fedc917\" data-element_type=\"widget\" data-e-type=\"widget\" data-widget_type=\"heading.default\">\n\t\t\t\t\t<h2 class=\"elementor-heading-title elementor-size-default\">Ajuntament de Montgat<\/h2>\t\t\t\t<\/div>\n\t\t\t\t\t<\/div>\n\t\t\t\t<\/div>\n\t\t<div class=\"elementor-element elementor-element-affade1 e-flex e-con-boxed e-con e-parent\" data-id=\"affade1\" data-element_type=\"container\" data-e-type=\"container\">\n\t\t\t\t\t<div class=\"e-con-inner\">\n\t\t<div class=\"elementor-element elementor-element-58d7cc4 e-con-full e-flex e-con e-child\" data-id=\"58d7cc4\" data-element_type=\"container\" data-e-type=\"container\">\n\t\t\t\t<div class=\"elementor-element elementor-element-fc73369 elementor-invisible elementor-widget elementor-widget-image\" data-id=\"fc73369\" data-element_type=\"widget\" data-e-type=\"widget\" data-settings=\"{&quot;_animation&quot;:&quot;fadeInLeft&quot;}\" data-widget_type=\"image.default\">\n\t\t\t\t\t\t\t\t\t\t\t\t\t\t\t<img fetchpriority=\"high\" decoding=\"async\" width=\"600\" height=\"300\" src=\"https:\/\/lovic.cat\/wp-content\/uploads\/2026\/02\/aj_montgat-scaled-600x300-1.png\" class=\"elementor-animation-grow attachment-large size-large wp-image-1495\" alt=\"\" srcset=\"https:\/\/lovic.cat\/wp-content\/uploads\/2026\/02\/aj_montgat-scaled-600x300-1.png 600w, https:\/\/lovic.cat\/wp-content\/uploads\/2026\/02\/aj_montgat-scaled-600x300-1-300x150.png 300w\" sizes=\"(max-width: 600px) 100vw, 600px\" \/>\t\t\t\t\t\t\t\t\t\t\t\t\t\t\t<\/div>\n\t\t\t\t<\/div>\n\t\t<div class=\"elementor-element elementor-element-abffe0c e-con-full e-flex e-con e-child\" data-id=\"abffe0c\" data-element_type=\"container\" data-e-type=\"container\">\n\t\t\t\t<div class=\"elementor-element elementor-element-238d1d2 elementor-invisible elementor-widget elementor-widget-text-editor\" data-id=\"238d1d2\" data-element_type=\"widget\" data-e-type=\"widget\" data-settings=\"{&quot;_animation&quot;:&quot;fadeInRight&quot;}\" data-widget_type=\"text-editor.default\">\n\t\t\t\t\t\t\t\t\t<h3>\u00a0<\/h3><h3><strong>Destaquem<\/strong><\/h3><p>Es presten els serveis de seguiment inform\u00e0tic del contracte i del control de qualitat del nou servei. S\u2019efectua una assist\u00e8ncia t\u00e8cnica en la gesti\u00f3 econ\u00f2mica del nou contracte.<\/p><p>Mitjan\u00e7ant l\u2019Ajuda del nostre soci tecnol\u00f2gic <a href=\"http:\/\/mediatic.es\">MEDIATIC\u00a0<\/a> hem pogut portar un control exhaustiu a partir de la informaci\u00f3 de la geolocalitzaci\u00f3 de flotes implementada en el servei.<\/p><p>Tamb\u00e9 hem ajudat a l\u2019Ajuntament a analitzar les dades provinents dels tancaments dels contenidors de <a href=\"https:\/\/www.citisend.io\/\">Citisend<\/a> i el seguiment de la millora ambiental de la implantaci\u00f3 d\u2019aquesta tecnologia.<\/p>\t\t\t\t\t\t\t\t<\/div>\n\t\t\t\t<\/div>\n\t\t\t\t\t<\/div>\n\t\t\t\t<\/div>\n\t\t\t\t<\/div>\n\t\t","protected":false},"excerpt":{"rendered":"<p>Ajuntament de Montgat \u00a0 Destaquem Es presten els serveis de seguiment inform\u00e0tic del contracte i del control de qualitat del [&hellip;]<\/p>\n","protected":false},"author":1,"featured_media":0,"parent":0,"menu_order":0,"comment_status":"closed","ping_status":"closed","template":"","meta":{"site-sidebar-layout":"no-sidebar","site-content-layout":"","ast-site-content-layout":"full-width-container","site-content-style":"default","site-sidebar-style":"default","ast-global-header-display":"","ast-banner-title-visibility":"","ast-main-header-display":"","ast-hfb-above-header-display":"","ast-hfb-below-header-display":"","ast-hfb-mobile-header-display":"","site-post-title":"disabled","ast-breadcrumbs-content":"","ast-featured-img":"disabled","footer-sml-layout":"","ast-disable-related-posts":"","theme-transparent-header-meta":"","adv-header-id-meta":"","stick-header-meta":"","header-above-stick-meta":"","header-main-stick-meta":"","header-below-stick-meta":"","astra-migrate-meta-layouts":"default","ast-page-background-enabled":"default","ast-page-background-meta":{"desktop":{"background-color":"var(--ast-global-color-5)","background-image":"","background-repeat":"repeat","background-position":"center center","background-size":"auto","background-attachment":"scroll","background-type":"","background-media":"","overlay-type":"","overlay-color":"","overlay-opacity":"","overlay-gradient":""},"tablet":{"background-color":"","background-image":"","background-repeat":"repeat","background-position":"center center","background-size":"auto","background-attachment":"scroll","background-type":"","background-media":"","overlay-type":"","overlay-color":"","overlay-opacity":"","overlay-gradient":""},"mobile":{"background-color":"","background-image":"","background-repeat":"repeat","background-position":"center center","background-size":"auto","background-attachment":"scroll","background-type":"","background-media":"","overlay-type":"","overlay-color":"","overlay-opacity":"","overlay-gradient":""}},"ast-content-background-meta":{"desktop":{"background-color":"var(--ast-global-color-4)","background-image":"","background-repeat":"repeat","background-position":"center center","background-size":"auto","background-attachment":"scroll","background-type":"","background-media":"","overlay-type":"","overlay-color":"","overlay-opacity":"","overlay-gradient":""},"tablet":{"background-color":"var(--ast-global-color-4)","background-image":"","background-repeat":"repeat","background-position":"center center","background-size":"auto","background-attachment":"scroll","background-type":"","background-media":"","overlay-type":"","overlay-color":"","overlay-opacity":"","overlay-gradient":""},"mobile":{"background-color":"var(--ast-global-color-4)","background-image":"","background-repeat":"repeat","background-position":"center center","background-size":"auto","background-attachment":"scroll","background-type":"","background-media":"","overlay-type":"","overlay-color":"","overlay-opacity":"","overlay-gradient":""}},"footnotes":""},"class_list":["post-1493","page","type-page","status-publish","hentry"],"_links":{"self":[{"href":"https:\/\/lovic.cat\/index.php\/wp-json\/wp\/v2\/pages\/1493","targetHints":{"allow":["GET"]}}],"collection":[{"href":"https:\/\/lovic.cat\/index.php\/wp-json\/wp\/v2\/pages"}],"about":[{"href":"https:\/\/lovic.cat\/index.php\/wp-json\/wp\/v2\/types\/page"}],"author":[{"embeddable":true,"href":"https:\/\/lovic.cat\/index.php\/wp-json\/wp\/v2\/users\/1"}],"replies":[{"embeddable":true,"href":"https:\/\/lovic.cat\/index.php\/wp-json\/wp\/v2\/comments?post=1493"}],"version-history":[{"count":10,"href":"https:\/\/lovic.cat\/index.php\/wp-json\/wp\/v2\/pages\/1493\/revisions"}],"predecessor-version":[{"id":1550,"href":"https:\/\/lovic.cat\/index.php\/wp-json\/wp\/v2\/pages\/1493\/revisions\/1550"}],"wp:attachment":[{"href":"https:\/\/lovic.cat\/index.php\/wp-json\/wp\/v2\/media?parent=1493"}],"curies":[{"name":"wp","href":"https:\/\/api.w.org\/{rel}","templated":true}]}}