{"id":35,"date":"2026-01-23T11:16:13","date_gmt":"2026-01-23T10:16:13","guid":{"rendered":"http:\/\/localhost\/proves\/webs_wail\/WebLovic\/?page_id=35"},"modified":"2026-02-19T11:58:18","modified_gmt":"2026-02-19T10:58:18","slug":"serveis","status":"publish","type":"page","link":"https:\/\/lovic.cat\/index.php\/serveis\/","title":{"rendered":"Serveis"},"content":{"rendered":"\n<hr class=\"wp-block-separator has-text-color has-ast-global-color-5-color has-alpha-channel-opacity has-ast-global-color-5-background-color has-background\" style=\"margin-top:var(--wp--preset--spacing--50);margin-bottom:var(--wp--preset--spacing--50)\"\/>\n\n\n\n<h2 class=\"wp-block-heading\">ELS NOSTRES SERVEIS<\/h2>\n\n\n\n<p><\/p>\n\n\n\n<div class=\"wp-block-cover has-aspect-ratio\" style=\"border-top-left-radius:47px;border-top-right-radius:47px;border-bottom-left-radius:47px;border-bottom-right-radius:47px;margin-top:0;margin-bottom:0;aspect-ratio:auto;min-height:unset;\"><span aria-hidden=\"true\" class=\"wp-block-cover__background has-ast-global-color-6-background-color has-background-dim-100 has-background-dim\"><\/span><div class=\"wp-block-cover__inner-container is-layout-constrained wp-container-core-cover-is-layout-be04af43 wp-block-cover-is-layout-constrained\">\n<p>Som especialistes en la valoraci\u00f3 econ\u00f2mica i la contractaci\u00f3 de serveis de recollida de residus, neteja vi\u00e0ria i jardineria. Els nostres serveis es centren en la col\u00b7laboraci\u00f3 amb l&#8217;administraci\u00f3 p\u00fablica per gestionar correctament els canvis de contractes de neteja vi\u00e0ria i recollida de residus. I posteriorment, en el seguiment dels serveis contractats, el control de l&#8217;execuci\u00f3 i la millora cont\u00ednua. <\/p>\n\n\n\n<p>Amb m\u00e9s de 30 anys d&#8217;experi\u00e8ncia hem desenvolupant eines espec\u00edfiques per al control i seguiment dels serveis de neteja vi\u00e0ria, de recollida de residus i manteniment de verd urb\u00e0, i hem aprofondit en la gesti\u00f3 tecnol\u00f2gica de la qualitat, el seguiment de la millora cont\u00ednua i el control econ\u00f2mic dels serveis. <\/p>\n\n\n\n<div class=\"wp-block-buttons is-layout-flex wp-block-buttons-is-layout-flex\">\n<div class=\"wp-block-button has-custom-width wp-block-button__width-25 is-style-fill boton-serveis\"><a class=\"wp-block-button__link has-background has-small-font-size has-custom-font-size wp-element-button\" href=\"https:\/\/lovic.cat\/index.php\/contacte\/\" style=\"background-color:#cdd31f;padding-right:0;padding-left:0\">CONTACTA AMB NOSALTRES<\/a><\/div>\n<\/div>\n<\/div><\/div>\n\n\n\n<div class=\"wp-block-columns is-layout-flex wp-container-core-columns-is-layout-fceb14ae wp-block-columns-is-layout-flex\" style=\"padding-top:var(--wp--preset--spacing--40);padding-bottom:var(--wp--preset--spacing--40)\">\n<div class=\"wp-block-column columna-animada is-layout-flow wp-block-column-is-layout-flow\">\n<figure class=\"wp-block-image aligncenter size-full\"><img decoding=\"async\" width=\"64\" height=\"64\" src=\"https:\/\/lovicsl.ddns.net\/nova_lovic\/wp-content\/uploads\/2026\/01\/imagen-5.png\" alt=\"\" class=\"wp-image-110\"\/><\/figure>\n\n\n\n<h4 class=\"wp-block-heading has-text-align-center\">Disseny, c\u00e0lcul i optimitzaci\u00f3 de serveis<\/h4>\n\n\n\n<p class=\"has-text-align-center has-small-font-size\">An\u00e0lisi de necessitats, c\u00e0lcul i disseny t\u00e8cnic i cartogr\u00e0fic de nous serveis, adaptant-los al territori i a les necessitats de la poblaci\u00f3, tenint en compte la millora ambiental i l&#8217;efici\u00e8ncia. An\u00e0lisi de serveis ja existents i proposta de redimensionament per tal d\u2019optimitzar-los, detectant-ne les mancances o excessos i proposant mesures correctores a nivell t\u00e8cnic.<\/p>\n<\/div>\n\n\n\n<div class=\"wp-block-column columna-animada is-layout-flow wp-block-column-is-layout-flow\">\n<figure class=\"wp-block-image aligncenter size-full\"><img decoding=\"async\" width=\"64\" height=\"64\" src=\"https:\/\/lovicsl.ddns.net\/nova_lovic\/wp-content\/uploads\/2026\/01\/imagen-6.png\" alt=\"\" class=\"wp-image-111\"\/><\/figure>\n\n\n\n<h4 class=\"wp-block-heading has-text-align-center\">Suport en el proc\u00e9s de contractaci\u00f3<\/h4>\n\n\n\n<p class=\"has-text-align-center has-small-font-size\">Assessorament t\u00e8cnic i jur\u00eddic en la redacci\u00f3 dels plecs de condicions t\u00e8cniques, segons les necessitats en relaci\u00f3 amb el disseny, gesti\u00f3, personal, maquin\u00e0ria, el control de qualitat o la implementaci\u00f3 de mecanismes de retribuci\u00f3 variable per objectius. Establiment de criteris objectius i de valor per a l\u2019adjudicaci\u00f3 del contracte i assessorament en el proc\u00e9s d\u2019adjudicaci\u00f3 mitjan\u00e7ant l\u2019an\u00e0lisi t\u00e8cnic i econ\u00f2mic de les ofertes.<\/p>\n<\/div>\n\n\n\n<div class=\"wp-block-column columna-animada is-layout-flow wp-block-column-is-layout-flow\">\n<figure class=\"wp-block-image aligncenter size-full\"><img decoding=\"async\" width=\"64\" height=\"64\" src=\"https:\/\/lovicsl.ddns.net\/nova_lovic\/wp-content\/uploads\/2026\/01\/imagen-7.png\" alt=\"\" class=\"wp-image-112\"\/><\/figure>\n\n\n\n<h4 class=\"wp-block-heading has-text-align-center\">Gesti\u00f3 tecnol\u00f2gica de la qualitat<\/h4>\n\n\n\n<p class=\"has-text-align-center has-small-font-size\">Utilitzaci\u00f3 d&#8217;eines tecnol\u00f2giques per a controlar la pres\u00e8ncia dels serveis i el compliment de les normes del contracte, aix\u00ed com la qualitat de la neteja vi\u00e0ria, l\u2019estat de la xarxa de contenidors, instal\u00b7lacions, etc. L\u2019objectiu \u00e9s recollir tota la informaci\u00f3 generada i utilitzar-la per a la millora del servei, vinculant aquestes dades a un model de retribuci\u00f3 econ\u00f2mica variable en funci\u00f3 del compliment dels objectius establerts.<\/p>\n<\/div>\n<\/div>\n\n\n\n<div class=\"wp-block-columns is-layout-flex wp-container-core-columns-is-layout-7abde1fe wp-block-columns-is-layout-flex\" style=\"padding-top:var(--wp--preset--spacing--40);padding-bottom:var(--wp--preset--spacing--40)\">\n<div class=\"wp-block-column columna-animada is-layout-flow wp-block-column-is-layout-flow\">\n<figure class=\"wp-block-image aligncenter size-full\"><img loading=\"lazy\" decoding=\"async\" width=\"64\" height=\"64\" src=\"https:\/\/lovicsl.ddns.net\/nova_lovic\/wp-content\/uploads\/2026\/01\/imagen-8.png\" alt=\"\" class=\"wp-image-113\"\/><\/figure>\n\n\n\n<h4 class=\"wp-block-heading has-text-align-center\">Seguiment de la millora cont\u00ednua<\/h4>\n\n\n\n<p class=\"has-text-align-center has-small-font-size\">Suport al seguiment peri\u00f2dic del servei mitjan\u00e7ant la utilitzaci\u00f3 de tecnologies que permeten la monitoritzaci\u00f3 i recollida de dades del servei, i el seu an\u00e0lisi en relaci\u00f3 als indicadors establerts. Aquesta metodologia de seguiment peri\u00f2dic facilita la presa de decisions per la millora del servei i la seva avaluaci\u00f3.<\/p>\n<\/div>\n\n\n\n<div class=\"wp-block-column columna-animada is-layout-flow wp-block-column-is-layout-flow\">\n<figure class=\"wp-block-image aligncenter size-full\"><img loading=\"lazy\" decoding=\"async\" width=\"64\" height=\"64\" src=\"https:\/\/lovicsl.ddns.net\/nova_lovic\/wp-content\/uploads\/2026\/01\/imagen-9.png\" alt=\"\" class=\"wp-image-114\"\/><\/figure>\n\n\n\n<h4 class=\"wp-block-heading has-text-align-center\">Formaci\u00f3<\/h4>\n\n\n\n<p class=\"has-text-align-center has-small-font-size\">Disseny i impartici\u00f3 de formaci\u00f3 sobre el disseny dels contractes dels serveis de recollida de residus i neteja vi\u00e0ria, aix\u00ed com de la seva gesti\u00f3, optimitzaci\u00f3 o monitoritzaci\u00f3. La formaci\u00f3 aprofundeix en el proc\u00e9s de licitaci\u00f3 i en l&#8217;an\u00e0lisi de casos reals d\u2019inter\u00e8s, i est\u00e0 adre\u00e7ada a t\u00e8cnics municipals o altres professionals del medi ambient, consultors i gestors del sector dels residus.<\/p>\n<\/div>\n\n\n\n<div class=\"wp-block-column columna-animada is-layout-flow wp-block-column-is-layout-flow\">\n<figure class=\"wp-block-image aligncenter size-full\"><img loading=\"lazy\" decoding=\"async\" width=\"64\" height=\"64\" src=\"https:\/\/lovicsl.ddns.net\/nova_lovic\/wp-content\/uploads\/2026\/01\/imagen-10.png\" alt=\"\" class=\"wp-image-115\"\/><\/figure>\n\n\n\n<h4 class=\"wp-block-heading has-text-align-center\">Control econ\u00f2mic dels serveis<\/h4>\n\n\n\n<p class=\"has-text-align-center has-small-font-size\">Control pressupostari del contracte adjudicat i com aquest es justifica al llarg del servei, oferint propostes de millora per a la seva optimitzaci\u00f3. Per a la millora cont\u00ednua del servei s\u2019analitzen els costos contractuals, salarials, el balan\u00e7 econ\u00f2mic de la gesti\u00f3 dels residus o les possibles desviacions de pressupost i preus unitaris.<\/p>\n<\/div>\n<\/div>\n\n\n\n<div class=\"wp-block-columns is-layout-flex wp-container-core-columns-is-layout-7abde1fe wp-block-columns-is-layout-flex\" style=\"padding-top:var(--wp--preset--spacing--40);padding-bottom:var(--wp--preset--spacing--40)\">\n<div class=\"wp-block-column columna-animada is-layout-flow wp-block-column-is-layout-flow\">\n<figure class=\"wp-block-image aligncenter size-full\"><img loading=\"lazy\" decoding=\"async\" width=\"64\" height=\"64\" src=\"https:\/\/lovicsl.ddns.net\/nova_lovic\/wp-content\/uploads\/2026\/01\/imagen-11.png\" alt=\"\" class=\"wp-image-116\"\/><\/figure>\n\n\n\n<h4 class=\"wp-block-heading has-text-align-center\">Fiscalitat ambiental dels residus,Taxes, preus p\u00fablics i finan\u00e7ament de serveis<\/h4>\n\n\n\n<p class=\"has-text-align-center has-small-font-size\">Millora del sistema tributari de la gesti\u00f3 de residus. An\u00e0lisi del conjunt d&#8217;actors que intervenen en la gesti\u00f3 de residus i valoraci\u00f3 del cost i ingr\u00e8s per a cada servei. Establiment de models de fiscalitat ajustada a la generaci\u00f3 de residus d&#8217;activitats i families. An\u00e0lisis geo espacial dels subjectes tributaris mitjan\u00e7ant eines GIS.<\/p>\n<\/div>\n\n\n\n<div class=\"wp-block-column columna-animada is-layout-flow wp-block-column-is-layout-flow\">\n<figure class=\"wp-block-image aligncenter size-full\"><img loading=\"lazy\" decoding=\"async\" width=\"64\" height=\"64\" src=\"https:\/\/lovicsl.ddns.net\/nova_lovic\/wp-content\/uploads\/2026\/01\/imagen-12.png\" alt=\"\" class=\"wp-image-117\"\/><\/figure>\n\n\n\n<h4 class=\"wp-block-heading has-text-align-center\">Projectes internacionals<\/h4>\n\n\n\n<p class=\"has-text-align-center has-small-font-size\">Desenvolupament de projectes de disseny, dimensionat i c\u00e0lcul de nous serveis, adaptats a les especificitats del territori de ciutats en proc\u00e9s de creixement a nivell internacional.<\/p>\n<\/div>\n\n\n\n<div class=\"wp-block-column columna-animada is-layout-flow wp-block-column-is-layout-flow\">\n<figure class=\"wp-block-image aligncenter size-full\"><img loading=\"lazy\" decoding=\"async\" width=\"64\" height=\"64\" src=\"https:\/\/lovicsl.ddns.net\/nova_lovic\/wp-content\/uploads\/2026\/01\/imagen-13.png\" alt=\"\" class=\"wp-image-118\"\/><\/figure>\n\n\n\n<h4 class=\"wp-block-heading has-text-align-center\">Caracteritzaci\u00f3 de residus<\/h4>\n\n\n\n<p class=\"has-text-align-center has-small-font-size\">Realitzaci\u00f3 d&#8217;estudis de caracteritzaci\u00f3 de residus segons normes ASTM D 5231-92, UNE-EN-14899-2007 com a base d&#8217;estudis de reorganitzaci\u00f3 de serveis de recollida de residus.<\/p>\n<\/div>\n<\/div>\n","protected":false},"excerpt":{"rendered":"<p>ELS NOSTRES SERVEIS Disseny, c\u00e0lcul i optimitzaci\u00f3 de serveis An\u00e0lisi de necessitats, c\u00e0lcul i disseny t\u00e8cnic i cartogr\u00e0fic de nous [&hellip;]<\/p>\n","protected":false},"author":1,"featured_media":0,"parent":0,"menu_order":0,"comment_status":"closed","ping_status":"closed","template":"","meta":{"site-sidebar-layout":"default","site-content-layout":"","ast-site-content-layout":"default","site-content-style":"default","site-sidebar-style":"default","ast-global-header-display":"","ast-banner-title-visibility":"","ast-main-header-display":"","ast-hfb-above-header-display":"","ast-hfb-below-header-display":"","ast-hfb-mobile-header-display":"","site-post-title":"disabled","ast-breadcrumbs-content":"","ast-featured-img":"","footer-sml-layout":"","ast-disable-related-posts":"","theme-transparent-header-meta":"","adv-header-id-meta":"","stick-header-meta":"","header-above-stick-meta":"","header-main-stick-meta":"","header-below-stick-meta":"","astra-migrate-meta-layouts":"default","ast-page-background-enabled":"default","ast-page-background-meta":{"desktop":{"background-color":"var(--ast-global-color-5)","background-image":"","background-repeat":"repeat","background-position":"center center","background-size":"auto","background-attachment":"scroll","background-type":"","background-media":"","overlay-type":"","overlay-color":"","overlay-opacity":"","overlay-gradient":""},"tablet":{"background-color":"","background-image":"","background-repeat":"repeat","background-position":"center center","background-size":"auto","background-attachment":"scroll","background-type":"","background-media":"","overlay-type":"","overlay-color":"","overlay-opacity":"","overlay-gradient":""},"mobile":{"background-color":"","background-image":"","background-repeat":"repeat","background-position":"center center","background-size":"auto","background-attachment":"scroll","background-type":"","background-media":"","overlay-type":"","overlay-color":"","overlay-opacity":"","overlay-gradient":""}},"ast-content-background-meta":{"desktop":{"background-color":"var(--ast-global-color-4)","background-image":"","background-repeat":"repeat","background-position":"center center","background-size":"auto","background-attachment":"scroll","background-type":"","background-media":"","overlay-type":"","overlay-color":"","overlay-opacity":"","overlay-gradient":""},"tablet":{"background-color":"var(--ast-global-color-4)","background-image":"","background-repeat":"repeat","background-position":"center center","background-size":"auto","background-attachment":"scroll","background-type":"","background-media":"","overlay-type":"","overlay-color":"","overlay-opacity":"","overlay-gradient":""},"mobile":{"background-color":"var(--ast-global-color-4)","background-image":"","background-repeat":"repeat","background-position":"center center","background-size":"auto","background-attachment":"scroll","background-type":"","background-media":"","overlay-type":"","overlay-color":"","overlay-opacity":"","overlay-gradient":""}},"footnotes":""},"class_list":["post-35","page","type-page","status-publish","hentry"],"_links":{"self":[{"href":"https:\/\/lovic.cat\/index.php\/wp-json\/wp\/v2\/pages\/35","targetHints":{"allow":["GET"]}}],"collection":[{"href":"https:\/\/lovic.cat\/index.php\/wp-json\/wp\/v2\/pages"}],"about":[{"href":"https:\/\/lovic.cat\/index.php\/wp-json\/wp\/v2\/types\/page"}],"author":[{"embeddable":true,"href":"https:\/\/lovic.cat\/index.php\/wp-json\/wp\/v2\/users\/1"}],"replies":[{"embeddable":true,"href":"https:\/\/lovic.cat\/index.php\/wp-json\/wp\/v2\/comments?post=35"}],"version-history":[{"count":26,"href":"https:\/\/lovic.cat\/index.php\/wp-json\/wp\/v2\/pages\/35\/revisions"}],"predecessor-version":[{"id":1226,"href":"https:\/\/lovic.cat\/index.php\/wp-json\/wp\/v2\/pages\/35\/revisions\/1226"}],"wp:attachment":[{"href":"https:\/\/lovic.cat\/index.php\/wp-json\/wp\/v2\/media?parent=35"}],"curies":[{"name":"wp","href":"https:\/\/api.w.org\/{rel}","templated":true}]}}