{"id":871,"date":"2026-02-17T09:09:24","date_gmt":"2026-02-17T08:09:24","guid":{"rendered":"https:\/\/lovicsl.ddns.net\/nova_lovic\/?page_id=871"},"modified":"2026-02-23T10:30:50","modified_gmt":"2026-02-23T09:30:50","slug":"elementor-871","status":"publish","type":"page","link":"https:\/\/lovic.cat\/index.php\/elementor-871\/","title":{"rendered":"Ajuntament de Barcelona"},"content":{"rendered":"\t\t<div data-elementor-type=\"wp-page\" data-elementor-id=\"871\" class=\"elementor elementor-871\">\n\t\t\t\t<div class=\"elementor-element elementor-element-d88c3e1 e-flex e-con-boxed e-con e-parent\" data-id=\"d88c3e1\" data-element_type=\"container\" data-e-type=\"container\">\n\t\t\t\t\t<div class=\"e-con-inner\">\n\t\t\t\t<div class=\"elementor-element elementor-element-da11382 elementor-invisible elementor-widget elementor-widget-heading\" data-id=\"da11382\" data-element_type=\"widget\" data-e-type=\"widget\" data-settings=\"{&quot;_animation&quot;:&quot;fadeIn&quot;}\" data-widget_type=\"heading.default\">\n\t\t\t\t\t<h2 class=\"elementor-heading-title elementor-size-default\">Ajuntament de Barcelona<\/h2>\t\t\t\t<\/div>\n\t\t\t\t\t<\/div>\n\t\t\t\t<\/div>\n\t\t<div class=\"elementor-element elementor-element-d100a8b e-flex e-con-boxed e-con e-parent\" data-id=\"d100a8b\" data-element_type=\"container\" data-e-type=\"container\">\n\t\t\t\t\t<div class=\"e-con-inner\">\n\t\t<div class=\"elementor-element elementor-element-a9d83d2 e-con-full e-flex e-con e-child\" data-id=\"a9d83d2\" data-element_type=\"container\" data-e-type=\"container\">\n\t\t<div class=\"elementor-element elementor-element-033630f e-grid e-con-full e-con e-child\" data-id=\"033630f\" data-element_type=\"container\" data-e-type=\"container\">\n\t\t\t\t<div class=\"elementor-element elementor-element-abb8938 elementor-invisible elementor-widget elementor-widget-image\" data-id=\"abb8938\" data-element_type=\"widget\" data-e-type=\"widget\" data-settings=\"{&quot;_animation&quot;:&quot;fadeInLeft&quot;}\" data-widget_type=\"image.default\">\n\t\t\t\t\t\t\t\t\t\t\t\t\t\t\t<img fetchpriority=\"high\" decoding=\"async\" width=\"713\" height=\"346\" src=\"https:\/\/lovic.cat\/wp-content\/uploads\/2026\/02\/cuidem_barcelona.png\" class=\"elementor-animation-grow attachment-medium_large size-medium_large wp-image-1179\" alt=\"\" srcset=\"https:\/\/lovic.cat\/wp-content\/uploads\/2026\/02\/cuidem_barcelona.png 713w, https:\/\/lovic.cat\/wp-content\/uploads\/2026\/02\/cuidem_barcelona-300x146.png 300w\" sizes=\"(max-width: 713px) 100vw, 713px\" \/>\t\t\t\t\t\t\t\t\t\t\t\t\t\t\t<\/div>\n\t\t\t\t<div class=\"elementor-element elementor-element-474c649 elementor-widget elementor-widget-image\" data-id=\"474c649\" data-element_type=\"widget\" data-e-type=\"widget\" data-widget_type=\"image.default\">\n\t\t\t\t\t\t\t\t\t\t\t\t\t\t\t<img decoding=\"async\" width=\"768\" height=\"432\" src=\"https:\/\/lovic.cat\/wp-content\/uploads\/2026\/02\/huelga-servicio-limpieza-barcelona-partir-domingo_98-768x432.webp\" class=\"elementor-animation-grow attachment-medium_large size-medium_large wp-image-1345\" alt=\"\" srcset=\"https:\/\/lovic.cat\/wp-content\/uploads\/2026\/02\/huelga-servicio-limpieza-barcelona-partir-domingo_98-768x432.webp 768w, https:\/\/lovic.cat\/wp-content\/uploads\/2026\/02\/huelga-servicio-limpieza-barcelona-partir-domingo_98-300x169.webp 300w, https:\/\/lovic.cat\/wp-content\/uploads\/2026\/02\/huelga-servicio-limpieza-barcelona-partir-domingo_98-1024x576.webp 1024w, https:\/\/lovic.cat\/wp-content\/uploads\/2026\/02\/huelga-servicio-limpieza-barcelona-partir-domingo_98-1536x864.webp 1536w, https:\/\/lovic.cat\/wp-content\/uploads\/2026\/02\/huelga-servicio-limpieza-barcelona-partir-domingo_98.webp 1900w\" sizes=\"(max-width: 768px) 100vw, 768px\" \/>\t\t\t\t\t\t\t\t\t\t\t\t\t\t\t<\/div>\n\t\t\t\t<\/div>\n\t\t\t\t<\/div>\n\t\t<div class=\"elementor-element elementor-element-adb832c e-con-full e-flex e-con e-child\" data-id=\"adb832c\" data-element_type=\"container\" data-e-type=\"container\">\n\t\t\t\t<div class=\"elementor-element elementor-element-8fe1ca0 elementor-invisible elementor-widget elementor-widget-text-editor\" data-id=\"8fe1ca0\" data-element_type=\"widget\" data-e-type=\"widget\" data-settings=\"{&quot;_animation&quot;:&quot;fadeInRight&quot;}\" data-widget_type=\"text-editor.default\">\n\t\t\t\t\t\t\t\t\t<h3 data-start=\"0\" data-end=\"13\">\u00a0<\/h3><h3 data-start=\"0\" data-end=\"13\"><strong>Destaquem<\/strong><\/h3><p data-start=\"15\" data-end=\"378\">\u00a0Amb el nou contracte,\u00a0 \u00a0l\u2019Ajuntament de Barcelona impulsa un\u00a0 model m\u00e9s eficient, sostenible i adaptat a les necessitats reals de la ciutat en mat\u00e8ria de neteja vi\u00e0ria i recollida de residus. El servei es redissenya a partir d\u2019un proc\u00e9s participatiu amb la ciutadania i criteris t\u00e8cnics, amb l\u2019objectiu d\u2019optimitzar recursos i millorar la qualitat de l\u2019espai p\u00fablic.<\/p><p data-start=\"380\" data-end=\"711\" data-is-last-node=\"\" data-is-only-node=\"\">El projecte inclou la racionalitzaci\u00f3 de rutes, torns i freq\u00fc\u00e8ncies, l\u2019increment i renovaci\u00f3 dels contenidors \u2014especialment per fomentar la recollida selectiva\u2014, la implantaci\u00f3 d\u2019un servei flexible segons l\u2019\u00fas de cada zona i la modernitzaci\u00f3 progressiva de la maquin\u00e0ria mitjan\u00e7ant auditories i sistemes de monitoritzaci\u00f3 cont\u00ednua.<\/p><p data-start=\"380\" data-end=\"711\" data-is-last-node=\"\" data-is-only-node=\"\">\u00a0<\/p>\t\t\t\t\t\t\t\t<\/div>\n\t\t\t\t<\/div>\n\t\t\t\t\t<\/div>\n\t\t\t\t<\/div>\n\t\t<div class=\"elementor-element elementor-element-08a618e e-flex e-con-boxed e-con e-parent\" data-id=\"08a618e\" data-element_type=\"container\" data-e-type=\"container\">\n\t\t\t\t\t<div class=\"e-con-inner\">\n\t\t<div class=\"elementor-element elementor-element-0df6a6c e-con-full e-flex e-con e-child\" data-id=\"0df6a6c\" data-element_type=\"container\" data-e-type=\"container\">\n\t\t\t\t<div class=\"elementor-element elementor-element-1f8d452 elementor-invisible elementor-widget elementor-widget-text-editor\" data-id=\"1f8d452\" data-element_type=\"widget\" data-e-type=\"widget\" data-settings=\"{&quot;_animation&quot;:&quot;fadeInUp&quot;}\" data-widget_type=\"text-editor.default\">\n\t\t\t\t\t\t\t\t\t<p data-start=\"124\" data-end=\"161\"><strong data-start=\"124\" data-end=\"161\">Implantaci\u00f3 i proc\u00e9s participatiu<\/strong><\/p><p data-start=\"163\" data-end=\"660\" data-is-last-node=\"\" data-is-only-node=\"\">El proc\u00e9s participatiu impulsat per l\u2019Ajuntament de Barcelona, amb la col\u00b7laboraci\u00f3 de l\u2019Ag\u00e8ncia d\u2019Ecologia Urbana, va permetre definir i ajustar el nou model de neteja vi\u00e0ria i recollida de residus segons les necessitats reals de cada zona. Aquest proc\u00e9s va facilitar el redisseny del servei, la millora i ampliaci\u00f3 dels contenidors \u2014especialment de recollida selectiva\u2014 i la implantaci\u00f3 d\u2019un sistema m\u00e9s eficient, flexible i sostenible, adaptat a l\u2019\u00fas de l\u2019espai p\u00fablic i a la demanda ciutadana.<\/p>\t\t\t\t\t\t\t\t<\/div>\n\t\t\t\t<\/div>\n\t\t<div class=\"elementor-element elementor-element-6f706fa e-con-full e-flex e-con e-child\" data-id=\"6f706fa\" data-element_type=\"container\" data-e-type=\"container\">\n\t\t\t\t<div class=\"elementor-element elementor-element-0ac8e8b elementor-widget elementor-widget-spacer\" data-id=\"0ac8e8b\" data-element_type=\"widget\" data-e-type=\"widget\" data-widget_type=\"spacer.default\">\n\t\t\t\t\t\t\t<div class=\"elementor-spacer\">\n\t\t\t<div class=\"elementor-spacer-inner\"><\/div>\n\t\t<\/div>\n\t\t\t\t\t\t<\/div>\n\t\t\t\t<div class=\"elementor-element elementor-element-ffeab30 elementor-invisible elementor-widget elementor-widget-image\" data-id=\"ffeab30\" data-element_type=\"widget\" data-e-type=\"widget\" data-settings=\"{&quot;_animation&quot;:&quot;fadeInRight&quot;}\" data-widget_type=\"image.default\">\n\t\t\t\t\t\t\t\t\t\t\t\t\t\t\t<img decoding=\"async\" width=\"194\" height=\"110\" src=\"https:\/\/lovic.cat\/wp-content\/uploads\/2026\/02\/Cuidem-Barcelona.png\" class=\"elementor-animation-grow attachment-large size-large wp-image-1346\" alt=\"\" \/>\t\t\t\t\t\t\t\t\t\t\t\t\t\t\t<\/div>\n\t\t\t\t<\/div>\n\t\t\t\t\t<\/div>\n\t\t\t\t<\/div>\n\t\t\t\t<\/div>\n\t\t","protected":false},"excerpt":{"rendered":"<p>Ajuntament de Barcelona \u00a0 Destaquem \u00a0Amb el nou contracte,\u00a0 \u00a0l\u2019Ajuntament de Barcelona impulsa un\u00a0 model m\u00e9s eficient, sostenible i adaptat [&hellip;]<\/p>\n","protected":false},"author":1,"featured_media":0,"parent":0,"menu_order":0,"comment_status":"closed","ping_status":"closed","template":"","meta":{"site-sidebar-layout":"no-sidebar","site-content-layout":"","ast-site-content-layout":"full-width-container","site-content-style":"default","site-sidebar-style":"default","ast-global-header-display":"","ast-banner-title-visibility":"","ast-main-header-display":"","ast-hfb-above-header-display":"","ast-hfb-below-header-display":"","ast-hfb-mobile-header-display":"","site-post-title":"disabled","ast-breadcrumbs-content":"","ast-featured-img":"disabled","footer-sml-layout":"","ast-disable-related-posts":"","theme-transparent-header-meta":"","adv-header-id-meta":"","stick-header-meta":"","header-above-stick-meta":"","header-main-stick-meta":"","header-below-stick-meta":"","astra-migrate-meta-layouts":"default","ast-page-background-enabled":"default","ast-page-background-meta":{"desktop":{"background-color":"var(--ast-global-color-5)","background-image":"","background-repeat":"repeat","background-position":"center center","background-size":"auto","background-attachment":"scroll","background-type":"","background-media":"","overlay-type":"","overlay-color":"","overlay-opacity":"","overlay-gradient":""},"tablet":{"background-color":"","background-image":"","background-repeat":"repeat","background-position":"center center","background-size":"auto","background-attachment":"scroll","background-type":"","background-media":"","overlay-type":"","overlay-color":"","overlay-opacity":"","overlay-gradient":""},"mobile":{"background-color":"","background-image":"","background-repeat":"repeat","background-position":"center center","background-size":"auto","background-attachment":"scroll","background-type":"","background-media":"","overlay-type":"","overlay-color":"","overlay-opacity":"","overlay-gradient":""}},"ast-content-background-meta":{"desktop":{"background-color":"var(--ast-global-color-4)","background-image":"","background-repeat":"repeat","background-position":"center center","background-size":"auto","background-attachment":"scroll","background-type":"","background-media":"","overlay-type":"","overlay-color":"","overlay-opacity":"","overlay-gradient":""},"tablet":{"background-color":"var(--ast-global-color-4)","background-image":"","background-repeat":"repeat","background-position":"center center","background-size":"auto","background-attachment":"scroll","background-type":"","background-media":"","overlay-type":"","overlay-color":"","overlay-opacity":"","overlay-gradient":""},"mobile":{"background-color":"var(--ast-global-color-4)","background-image":"","background-repeat":"repeat","background-position":"center center","background-size":"auto","background-attachment":"scroll","background-type":"","background-media":"","overlay-type":"","overlay-color":"","overlay-opacity":"","overlay-gradient":""}},"footnotes":""},"class_list":["post-871","page","type-page","status-publish","hentry"],"_links":{"self":[{"href":"https:\/\/lovic.cat\/index.php\/wp-json\/wp\/v2\/pages\/871","targetHints":{"allow":["GET"]}}],"collection":[{"href":"https:\/\/lovic.cat\/index.php\/wp-json\/wp\/v2\/pages"}],"about":[{"href":"https:\/\/lovic.cat\/index.php\/wp-json\/wp\/v2\/types\/page"}],"author":[{"embeddable":true,"href":"https:\/\/lovic.cat\/index.php\/wp-json\/wp\/v2\/users\/1"}],"replies":[{"embeddable":true,"href":"https:\/\/lovic.cat\/index.php\/wp-json\/wp\/v2\/comments?post=871"}],"version-history":[{"count":68,"href":"https:\/\/lovic.cat\/index.php\/wp-json\/wp\/v2\/pages\/871\/revisions"}],"predecessor-version":[{"id":1425,"href":"https:\/\/lovic.cat\/index.php\/wp-json\/wp\/v2\/pages\/871\/revisions\/1425"}],"wp:attachment":[{"href":"https:\/\/lovic.cat\/index.php\/wp-json\/wp\/v2\/media?parent=871"}],"curies":[{"name":"wp","href":"https:\/\/api.w.org\/{rel}","templated":true}]}}