{"id":891,"date":"2026-02-18T10:16:02","date_gmt":"2026-02-18T09:16:02","guid":{"rendered":"https:\/\/lovicsl.ddns.net\/nova_lovic\/?page_id=891"},"modified":"2026-02-23T10:32:44","modified_gmt":"2026-02-23T09:32:44","slug":"ajuntament-de-lleida","status":"publish","type":"page","link":"https:\/\/lovic.cat\/index.php\/ajuntament-de-lleida\/","title":{"rendered":"Ajuntament de Lleida"},"content":{"rendered":"\t\t<div data-elementor-type=\"wp-page\" data-elementor-id=\"891\" class=\"elementor elementor-891\">\n\t\t\t\t<div class=\"elementor-element elementor-element-4ae7de6 e-flex e-con-boxed e-con e-parent\" data-id=\"4ae7de6\" data-element_type=\"container\" data-e-type=\"container\">\n\t\t\t\t\t<div class=\"e-con-inner\">\n\t\t\t\t<div class=\"elementor-element elementor-element-11f466b elementor-widget elementor-widget-heading\" data-id=\"11f466b\" data-element_type=\"widget\" data-e-type=\"widget\" data-widget_type=\"heading.default\">\n\t\t\t\t\t<h2 class=\"elementor-heading-title elementor-size-default\">Ajuntament de Lleida<\/h2>\t\t\t\t<\/div>\n\t\t\t\t\t<\/div>\n\t\t\t\t<\/div>\n\t\t<div class=\"elementor-element elementor-element-79f4bb8 e-flex e-con-boxed e-con e-parent\" data-id=\"79f4bb8\" data-element_type=\"container\" data-e-type=\"container\">\n\t\t\t\t\t<div class=\"e-con-inner\">\n\t\t<div class=\"elementor-element elementor-element-353ef60 e-con-full e-flex e-con e-child\" data-id=\"353ef60\" data-element_type=\"container\" data-e-type=\"container\">\n\t\t<div class=\"elementor-element elementor-element-c77d2d2 e-grid e-con-full e-con e-child\" data-id=\"c77d2d2\" data-element_type=\"container\" data-e-type=\"container\">\n\t\t\t\t<div class=\"elementor-element elementor-element-d2dda88 elementor-invisible elementor-widget elementor-widget-image\" data-id=\"d2dda88\" data-element_type=\"widget\" data-e-type=\"widget\" data-settings=\"{&quot;_animation&quot;:&quot;fadeInLeft&quot;}\" data-widget_type=\"image.default\">\n\t\t\t\t\t\t\t\t\t\t\t\t\t\t\t<img fetchpriority=\"high\" decoding=\"async\" width=\"1024\" height=\"370\" src=\"https:\/\/lovic.cat\/wp-content\/uploads\/2026\/02\/app_lleida_pap_0-1024x370.png\" class=\"elementor-animation-grow attachment-large size-large wp-image-1306\" alt=\"\" srcset=\"https:\/\/lovic.cat\/wp-content\/uploads\/2026\/02\/app_lleida_pap_0-1024x370.png 1024w, https:\/\/lovic.cat\/wp-content\/uploads\/2026\/02\/app_lleida_pap_0-300x108.png 300w, https:\/\/lovic.cat\/wp-content\/uploads\/2026\/02\/app_lleida_pap_0-768x277.png 768w, https:\/\/lovic.cat\/wp-content\/uploads\/2026\/02\/app_lleida_pap_0.png 1241w\" sizes=\"(max-width: 1024px) 100vw, 1024px\" \/>\t\t\t\t\t\t\t\t\t\t\t\t\t\t\t<\/div>\n\t\t\t\t<div class=\"elementor-element elementor-element-9e1715d elementor-invisible elementor-widget elementor-widget-image\" data-id=\"9e1715d\" data-element_type=\"widget\" data-e-type=\"widget\" data-settings=\"{&quot;_animation&quot;:&quot;fadeInLeft&quot;}\" data-widget_type=\"image.default\">\n\t\t\t\t\t\t\t\t\t\t\t\t\t\t\t<img decoding=\"async\" width=\"300\" height=\"178\" src=\"https:\/\/lovic.cat\/wp-content\/uploads\/2026\/02\/Screenshot_20260220_102258-300x178.png\" class=\"elementor-animation-grow attachment-medium size-medium wp-image-1307\" alt=\"\" srcset=\"https:\/\/lovic.cat\/wp-content\/uploads\/2026\/02\/Screenshot_20260220_102258-300x178.png 300w, https:\/\/lovic.cat\/wp-content\/uploads\/2026\/02\/Screenshot_20260220_102258-1024x607.png 1024w, https:\/\/lovic.cat\/wp-content\/uploads\/2026\/02\/Screenshot_20260220_102258-768x455.png 768w, https:\/\/lovic.cat\/wp-content\/uploads\/2026\/02\/Screenshot_20260220_102258.png 1479w\" sizes=\"(max-width: 300px) 100vw, 300px\" \/>\t\t\t\t\t\t\t\t\t\t\t\t\t\t\t<\/div>\n\t\t\t\t<\/div>\n\t\t\t\t<\/div>\n\t\t<div class=\"elementor-element elementor-element-809b94a e-con-full e-flex e-con e-child\" data-id=\"809b94a\" data-element_type=\"container\" data-e-type=\"container\">\n\t\t\t\t<div class=\"elementor-element elementor-element-855a27e elementor-invisible elementor-widget elementor-widget-text-editor\" data-id=\"855a27e\" data-element_type=\"widget\" data-e-type=\"widget\" data-settings=\"{&quot;_animation&quot;:&quot;fadeInRight&quot;}\" data-widget_type=\"text-editor.default\">\n\t\t\t\t\t\t\t\t\t<h3>\u00a0<\/h3><h3><strong>Destaquem<\/strong><\/h3><p>El projecte per a l\u2019Ajuntament de Lleida ha perm\u00e8s integrar i modernitzar els serveis de neteja vi\u00e0ria i recollida de residus, adaptant-los a les necessitats reals del municipi i optimitzant recursos, rutes i cobertura.<\/p><p>S\u2019ha definit un model de control de qualitat vinculat a la retribuci\u00f3 del servei, afavorint la millora cont\u00ednua, la transpar\u00e8ncia en la gesti\u00f3 i el manteniment de la sostenibilitat econ\u00f2mica, tot incrementant la recollida selectiva i la qualitat dels residus recollits.<\/p>\t\t\t\t\t\t\t\t<\/div>\n\t\t\t\t<\/div>\n\t\t\t\t\t<\/div>\n\t\t\t\t<\/div>\n\t\t<div class=\"elementor-element elementor-element-92e2bb2 e-flex e-con-boxed e-con e-parent\" data-id=\"92e2bb2\" data-element_type=\"container\" data-e-type=\"container\">\n\t\t\t\t\t<div class=\"e-con-inner\">\n\t\t<div class=\"elementor-element elementor-element-67f557a e-con-full e-flex e-con e-child\" data-id=\"67f557a\" data-element_type=\"container\" data-e-type=\"container\">\n\t\t\t\t<div class=\"elementor-element elementor-element-0f2d71a elementor-widget elementor-widget-text-editor\" data-id=\"0f2d71a\" data-element_type=\"widget\" data-e-type=\"widget\" data-widget_type=\"text-editor.default\">\n\t\t\t\t\t\t\t\t\t<h4><strong>Implantaci\u00f3 i proc\u00e9s participatiu<\/strong><\/h4><p>L\u2019Ajuntament de Lleida va dur a terme un proc\u00e9s participatiu conjuntament amb l\u2019an\u00e0lisi t\u00e8cnica del servei per definir el nou model de neteja vi\u00e0ria i recollida de residus.<\/p><p>Aquest enfocament va permetre validar la situaci\u00f3 dels contenidors, identificar punts cr\u00edtics, optimitzar rutes i recursos, i establir un model de servei flexible i eficient. Alhora, es va implantar un sistema de control de qualitat vinculat a la retribuci\u00f3, garantint transpar\u00e8ncia, millora cont\u00ednua i adaptaci\u00f3 a les necessitats reals del municipi.<\/p>\t\t\t\t\t\t\t\t<\/div>\n\t\t\t\t<\/div>\n\t\t<div class=\"elementor-element elementor-element-6dba499 e-con-full e-flex e-con e-child\" data-id=\"6dba499\" data-element_type=\"container\" data-e-type=\"container\">\n\t\t\t\t<div class=\"elementor-element elementor-element-7781cfe elementor-invisible elementor-widget elementor-widget-image\" data-id=\"7781cfe\" data-element_type=\"widget\" data-e-type=\"widget\" data-settings=\"{&quot;_animation&quot;:&quot;fadeInRight&quot;}\" data-widget_type=\"image.default\">\n\t\t\t\t\t\t\t\t\t\t\t\t\t\t\t<img decoding=\"async\" width=\"637\" height=\"446\" src=\"https:\/\/lovic.cat\/wp-content\/uploads\/2026\/02\/lleida_projecte.png\" class=\"elementor-animation-grow attachment-large size-large wp-image-1308\" alt=\"\" srcset=\"https:\/\/lovic.cat\/wp-content\/uploads\/2026\/02\/lleida_projecte.png 637w, https:\/\/lovic.cat\/wp-content\/uploads\/2026\/02\/lleida_projecte-300x210.png 300w\" sizes=\"(max-width: 637px) 100vw, 637px\" \/>\t\t\t\t\t\t\t\t\t\t\t\t\t\t\t<\/div>\n\t\t\t\t<\/div>\n\t\t\t\t\t<\/div>\n\t\t\t\t<\/div>\n\t\t\t\t<\/div>\n\t\t","protected":false},"excerpt":{"rendered":"<p>Ajuntament de Lleida \u00a0 Destaquem El projecte per a l\u2019Ajuntament de Lleida ha perm\u00e8s integrar i modernitzar els serveis de [&hellip;]<\/p>\n","protected":false},"author":1,"featured_media":0,"parent":0,"menu_order":0,"comment_status":"closed","ping_status":"closed","template":"","meta":{"site-sidebar-layout":"no-sidebar","site-content-layout":"","ast-site-content-layout":"full-width-container","site-content-style":"default","site-sidebar-style":"default","ast-global-header-display":"","ast-banner-title-visibility":"","ast-main-header-display":"","ast-hfb-above-header-display":"","ast-hfb-below-header-display":"","ast-hfb-mobile-header-display":"","site-post-title":"disabled","ast-breadcrumbs-content":"","ast-featured-img":"disabled","footer-sml-layout":"","ast-disable-related-posts":"","theme-transparent-header-meta":"","adv-header-id-meta":"","stick-header-meta":"","header-above-stick-meta":"","header-main-stick-meta":"","header-below-stick-meta":"","astra-migrate-meta-layouts":"default","ast-page-background-enabled":"default","ast-page-background-meta":{"desktop":{"background-color":"var(--ast-global-color-5)","background-image":"","background-repeat":"repeat","background-position":"center center","background-size":"auto","background-attachment":"scroll","background-type":"","background-media":"","overlay-type":"","overlay-color":"","overlay-opacity":"","overlay-gradient":""},"tablet":{"background-color":"","background-image":"","background-repeat":"repeat","background-position":"center center","background-size":"auto","background-attachment":"scroll","background-type":"","background-media":"","overlay-type":"","overlay-color":"","overlay-opacity":"","overlay-gradient":""},"mobile":{"background-color":"","background-image":"","background-repeat":"repeat","background-position":"center center","background-size":"auto","background-attachment":"scroll","background-type":"","background-media":"","overlay-type":"","overlay-color":"","overlay-opacity":"","overlay-gradient":""}},"ast-content-background-meta":{"desktop":{"background-color":"var(--ast-global-color-4)","background-image":"","background-repeat":"repeat","background-position":"center center","background-size":"auto","background-attachment":"scroll","background-type":"","background-media":"","overlay-type":"","overlay-color":"","overlay-opacity":"","overlay-gradient":""},"tablet":{"background-color":"var(--ast-global-color-4)","background-image":"","background-repeat":"repeat","background-position":"center center","background-size":"auto","background-attachment":"scroll","background-type":"","background-media":"","overlay-type":"","overlay-color":"","overlay-opacity":"","overlay-gradient":""},"mobile":{"background-color":"var(--ast-global-color-4)","background-image":"","background-repeat":"repeat","background-position":"center center","background-size":"auto","background-attachment":"scroll","background-type":"","background-media":"","overlay-type":"","overlay-color":"","overlay-opacity":"","overlay-gradient":""}},"footnotes":""},"class_list":["post-891","page","type-page","status-publish","hentry"],"_links":{"self":[{"href":"https:\/\/lovic.cat\/index.php\/wp-json\/wp\/v2\/pages\/891","targetHints":{"allow":["GET"]}}],"collection":[{"href":"https:\/\/lovic.cat\/index.php\/wp-json\/wp\/v2\/pages"}],"about":[{"href":"https:\/\/lovic.cat\/index.php\/wp-json\/wp\/v2\/types\/page"}],"author":[{"embeddable":true,"href":"https:\/\/lovic.cat\/index.php\/wp-json\/wp\/v2\/users\/1"}],"replies":[{"embeddable":true,"href":"https:\/\/lovic.cat\/index.php\/wp-json\/wp\/v2\/comments?post=891"}],"version-history":[{"count":18,"href":"https:\/\/lovic.cat\/index.php\/wp-json\/wp\/v2\/pages\/891\/revisions"}],"predecessor-version":[{"id":1428,"href":"https:\/\/lovic.cat\/index.php\/wp-json\/wp\/v2\/pages\/891\/revisions\/1428"}],"wp:attachment":[{"href":"https:\/\/lovic.cat\/index.php\/wp-json\/wp\/v2\/media?parent=891"}],"curies":[{"name":"wp","href":"https:\/\/api.w.org\/{rel}","templated":true}]}}